{"id":100,"date":"2022-01-10T21:28:50","date_gmt":"2022-01-10T20:28:50","guid":{"rendered":"https:\/\/datastorms.eu\/?page_id=100"},"modified":"2025-05-22T05:57:49","modified_gmt":"2025-05-22T03:57:49","slug":"contact","status":"publish","type":"page","link":"https:\/\/datastorms.eu\/de\/contact\/","title":{"rendered":"Kontakt"},"content":{"rendered":"<p class=\"has-nv-dark-bg-color has-text-color has-link-color wp-elements-f8b14dda37cd6fd63fa4c5067c5619eb\">Unter <strong>Datastorms<\/strong> wir w\u00fcrden uns freuen, von Ihnen zu h\u00f6ren, ganz gleich, ob Sie eine konkrete Frage haben, eine Idee besprechen oder einfach nur \"Hallo\" sagen m\u00f6chten. Kontaktieren Sie uns \u00fcber <strong>info@datastorms.eu<\/strong> oder rufen Sie uns an unter <strong>079-30 20 000<\/strong>. Wir antworten innerhalb von 24 Stunden!<\/p>\n\n\n\n<h3 class=\"wp-block-heading has-custom-2-color has-text-color has-link-color wp-elements-5d8ab5e38b2b694d66b425c50f7cb360\"><strong>Warum sollten Sie uns kontaktieren?<\/strong><\/h3>\n\n\n\n<h4 class=\"wp-block-heading has-custom-2-color has-text-color has-link-color wp-elements-b037a82419d360b50d08150eb43e3230\">Haben Sie Fragen?<\/h4>\n\n\n\n<p>Stellen Sie uns alle Ihre Fragen. Keine Frage ist zu klein oder zu gro\u00df! Ein Anruf ist schneller, aber eine E-Mail oder eine Nachricht \u00fcber das Formular unten ist immer m\u00f6glich!<\/p>\n\n\n\n<h4 class=\"wp-block-heading has-custom-2-color has-text-color has-link-color wp-elements-86c1667e1bd5e68ce8e3f5a3207a74e7\">Suchen Sie nach L\u00f6sungen?<\/h4>\n\n\n\n<p>Haben Sie eine Herausforderung? Lassen Sie uns gemeinsam die beste L\u00f6sung finden. <a href=\"https:\/\/datastorms.eu\/de\/2023\/09\/28\/datastorms-on-tour-ervaar-het-zelf\/\" title=\"\">Plan<\/a> einen Termin, um dar\u00fcber zu sprechen.<\/p>\n\n\n\n<h4 class=\"wp-block-heading has-custom-2-color has-text-color has-link-color wp-elements-1e718503f7db8f776deb3a96a0429e1b\">Zusammenarbeiten?<\/h4>\n\n\n\n<p>Gibt es Ihrer Meinung nach M\u00f6glichkeiten der Zusammenarbeit? Teilen Sie uns Ihre Ideen mit.<br>Plan <a href=\"https:\/\/datastorms.eu\/de\/2023\/09\/28\/datastorms-on-tour-ervaar-het-zelf\/\" title=\"\">hier<\/a> einen Termin!<\/p>\n\n\n\n<p class=\"has-custom-2-color has-text-color has-link-color wp-elements-f5007dcf48c127408d78d98e826e100d\"><br><\/p>\n\n\n\n<h2 class=\"wp-block-heading has-custom-2-color has-text-color has-link-color wp-elements-22ded5f1a2b5212692de3fc91bda28a5\"><strong>Entdecken Sie Datastorms und lassen Sie sich von unserer hochmodernen Plattform und Kundenorientierung \u00fcberraschen<\/strong><\/h2>\n\n\n\n<div class=\"forminator-guttenberg\"><div class=\"forminator-ui forminator-custom-form forminator-custom-form-241 forminator-design--default  forminator_ajax\" data-forminator-render=\"0\" data-form=\"forminator-module-241\" data-uid=\"69e7624cc23ce\"><br\/><\/div><form\n\t\t\t\tid=\"forminator-module-241\"\n\t\t\t\tclass=\"forminator-ui forminator-custom-form forminator-custom-form-241 forminator-design--default  forminator_ajax\"\n\t\t\t\tmethod=\"post\"\n\t\t\t\tdata-forminator-render=\"0\"\n\t\t\t\tdata-form-id=\"241\"\n\t\t\t\t data-color-option=\"default\" data-design=\"default\" data-grid=\"open\" style=\"display: none;\"\n\t\t\t\tdata-uid=\"69e7624cc23ce\" action=\"\"\n\t\t\t><div role=\"alert\" aria-live=\"polite\" class=\"forminator-response-message forminator-error\" aria-hidden=\"true\"><\/div><div class=\"forminator-row\"><div id=\"name-1\" class=\"forminator-field-name forminator-col forminator-col-12\"><div class=\"forminator-field\"><label for=\"forminator-field-name-1_69e7624cc23ce\" id=\"forminator-field-name-1_69e7624cc23ce-label\" class=\"forminator-label\">Vornamen <span class=\"forminator-required\">*<\/span><\/label><input type=\"text\" name=\"name-1\" value=\"\" placeholder=\"Beispiel John\" id=\"forminator-field-name-1_69e7624cc23ce\" class=\"forminator-input forminator-name--field\" aria-required=\"true\" autocomplete=\"name\" \/><\/div><\/div><\/div><div class=\"forminator-row\"><div id=\"email-1\" class=\"forminator-field-email forminator-col forminator-col-12\"><div class=\"forminator-field\"><label for=\"forminator-field-email-1_69e7624cc23ce\" id=\"forminator-field-email-1_69e7624cc23ce-label\" class=\"forminator-label\">E-Mail Adresse <span class=\"forminator-required\">*<\/span><\/label><input type=\"email\" name=\"email-1\" value=\"\" placeholder=\"Z.B. john@doe.com\" id=\"forminator-field-email-1_69e7624cc23ce\" class=\"forminator-input forminator-email--field\" data-required=\"true\" aria-required=\"true\" autocomplete=\"email\" \/><\/div><\/div><\/div><div class=\"forminator-row\"><div id=\"phone-1\" class=\"forminator-field-phone forminator-col forminator-col-12\"><div class=\"forminator-field\"><label for=\"forminator-field-phone-1_69e7624cc23ce\" id=\"forminator-field-phone-1_69e7624cc23ce-label\" class=\"forminator-label\">Rufnummer<\/label><input type=\"text\" name=\"phone-1\" value=\"\" placeholder=\"Z.B. +1 3004005000\" id=\"forminator-field-phone-1_69e7624cc23ce\" class=\"forminator-input forminator-field--phone\" data-required=\"\" aria-required=\"false\" autocomplete=\"off\" \/><\/div><\/div><\/div><div class=\"forminator-row\"><div id=\"textarea-1\" class=\"forminator-field-textarea forminator-col forminator-col-12\"><div class=\"forminator-field\"><label for=\"forminator-field-textarea-1_69e7624cc23ce\" id=\"forminator-field-textarea-1_69e7624cc23ce-label\" class=\"forminator-label\">Nachricht<\/label><textarea name=\"textarea-1\" placeholder=\"Ihre Nachricht eingeben...\" id=\"forminator-field-textarea-1_69e7624cc23ce\" class=\"forminator-textarea\" rows=\"6\" style=\"--forminator-textarea-min-height:140px;\" maxlength=\"180\" ><\/textarea><span id=\"forminator-field-textarea-1_69e7624cc23ce-description\" class=\"forminator-description\"><span data-limit=\"180\" data-type=\"characters\" data-editor=\"\">0 \/ 180<\/span><\/span><\/div><\/div><\/div><input type=\"hidden\" name=\"referer_url\" value=\"\" \/><div class=\"forminator-row forminator-row-last\"><div class=\"forminator-col\"><div class=\"forminator-field\"><button class=\"forminator-button forminator-button-submit\">Nachricht senden<\/button><\/div><\/div><\/div><input type=\"hidden\" id=\"forminator_nonce\" name=\"forminator_nonce\" value=\"611748b20e\" \/><input type=\"hidden\" name=\"_wp_http_referer\" value=\"\/de\/wp-json\/wp\/v2\/pages\/100\" \/><input type=\"hidden\" name=\"form_id\" value=\"241\"><input type=\"hidden\" name=\"page_id\" value=\"100\"><input type=\"hidden\" name=\"form_type\" value=\"default\"><input type=\"hidden\" name=\"current_url\" value=\"https:\/\/datastorms.eu\/de\/contact\/\"><input type=\"hidden\" name=\"render_id\" value=\"0\"><input type=\"hidden\" name=\"action\" value=\"forminator_submit_form_custom-forms\"><input type=\"hidden\" name=\"trp-form-language\" value=\"de\"\/><\/form><\/div>","protected":false},"excerpt":{"rendered":"<p>Bij Datastorms horen we graag van je, of je nu een concrete vraag hebt, een idee wilt bespreken of gewoon even hallo wilt zeggen. Neem contact met ons op via info@datastorms.eu of bel ons op 079-30 20 000. We reageren binnen 24 uur! Waarom zou je contact met ons opnemen? Heb je vragen? Stel ons&hellip;&nbsp;<a href=\"https:\/\/datastorms.eu\/de\/contact\/\" rel=\"bookmark\">Weiterlesen \u00bb<span class=\"screen-reader-text\">Kontakt<\/span><\/a><\/p>","protected":false},"author":1,"featured_media":702,"parent":0,"menu_order":0,"comment_status":"closed","ping_status":"closed","template":"","meta":{"neve_meta_sidebar":"","neve_meta_container":"","neve_meta_enable_content_width":"","neve_meta_content_width":0,"neve_meta_title_alignment":"","neve_meta_author_avatar":"","neve_post_elements_order":"","neve_meta_disable_header":"","neve_meta_disable_footer":"","neve_meta_disable_title":"","neve_meta_reading_time":"","_themeisle_gutenberg_block_has_review":false,"footnotes":""},"class_list":["post-100","page","type-page","status-publish","has-post-thumbnail","hentry"],"_links":{"self":[{"href":"https:\/\/datastorms.eu\/de\/wp-json\/wp\/v2\/pages\/100","targetHints":{"allow":["GET"]}}],"collection":[{"href":"https:\/\/datastorms.eu\/de\/wp-json\/wp\/v2\/pages"}],"about":[{"href":"https:\/\/datastorms.eu\/de\/wp-json\/wp\/v2\/types\/page"}],"author":[{"embeddable":true,"href":"https:\/\/datastorms.eu\/de\/wp-json\/wp\/v2\/users\/1"}],"replies":[{"embeddable":true,"href":"https:\/\/datastorms.eu\/de\/wp-json\/wp\/v2\/comments?post=100"}],"version-history":[{"count":11,"href":"https:\/\/datastorms.eu\/de\/wp-json\/wp\/v2\/pages\/100\/revisions"}],"predecessor-version":[{"id":1182,"href":"https:\/\/datastorms.eu\/de\/wp-json\/wp\/v2\/pages\/100\/revisions\/1182"}],"wp:featuredmedia":[{"embeddable":true,"href":"https:\/\/datastorms.eu\/de\/wp-json\/wp\/v2\/media\/702"}],"wp:attachment":[{"href":"https:\/\/datastorms.eu\/de\/wp-json\/wp\/v2\/media?parent=100"}],"curies":[{"name":"wp","href":"https:\/\/api.w.org\/{rel}","templated":true}]}}