{"id":1137,"date":"2025-03-20T11:47:51","date_gmt":"2025-03-20T10:47:51","guid":{"rendered":"https:\/\/datastorms.eu\/?page_id=1137"},"modified":"2025-03-20T11:54:50","modified_gmt":"2025-03-20T10:54:50","slug":"werken-bij","status":"publish","type":"page","link":"https:\/\/datastorms.eu\/de\/werken-bij\/","title":{"rendered":"Arbeiten bei"},"content":{"rendered":"<p>Bringen Sie Ihre Leidenschaft und Ihren Antrieb in unsere Plattform ein! Gemeinsam sorgen wir daf\u00fcr, dass die Software immer besser wird. Wir realisieren auch alle Arten von Verkn\u00fcpfungen und Integrationen. Auf diese Weise spielen wir eine wichtige Rolle in der Software-Architektur unserer Kunden. <\/p>\n\n\n\n<p>Sie begeistern sich f\u00fcr die Arbeit mit modernsten Werkzeugen und m\u00f6chten unsere Kunden beim n\u00e4chsten Schritt in der Digitalisierung unterst\u00fctzen? Dann schauen Sie sich unsere offenen Stellen an oder melden Sie sich, wenn Sie glauben, dass wir Sie brauchen!<\/p>\n\n\n\n<p>Warum Sie uns w\u00e4hlen sollten:<br>- Sie werden Teil eines Teams sein, das Spa\u00df macht.<br>- Eine anspruchsvolle Aufgabe in einem innovativen Team.<br>- Die M\u00f6glichkeit, sich auf Graphdatenbanken und Datenintegration zu spezialisieren.<br>- Niederschwellige M\u00f6glichkeiten zur pers\u00f6nlichen und beruflichen Weiterentwicklung.<br>- Flexibilit\u00e4t bei den Arbeitszeiten und die M\u00f6glichkeit, teilweise aus der Ferne zu arbeiten.<br>- Ein inspirierendes Arbeitsumfeld in Zoetermeer.<\/p>\n\n\n\n<p>M\u00f6chten Sie sich sofort bewerben oder lieber erst mehr \u00fcber die Stelle erfahren? Senden Sie eine Nachricht an info@datastorms.eu.<\/p>\n\n\n\n<div class=\"wp-block-media-text is-stacked-on-mobile\"><figure class=\"wp-block-media-text__media\"><img loading=\"lazy\" decoding=\"async\" width=\"1024\" height=\"576\" src=\"https:\/\/datastorms.eu\/wp-content\/uploads\/2025\/03\/WhatsApp-Image-2025-01-24-at-12.11.45-5-1024x576.jpeg\" alt=\"\" class=\"wp-image-1139 size-full\" srcset=\"https:\/\/datastorms.eu\/wp-content\/uploads\/2025\/03\/WhatsApp-Image-2025-01-24-at-12.11.45-5-1024x576.jpeg 1024w, https:\/\/datastorms.eu\/wp-content\/uploads\/2025\/03\/WhatsApp-Image-2025-01-24-at-12.11.45-5-300x169.jpeg 300w, https:\/\/datastorms.eu\/wp-content\/uploads\/2025\/03\/WhatsApp-Image-2025-01-24-at-12.11.45-5-768x432.jpeg 768w, https:\/\/datastorms.eu\/wp-content\/uploads\/2025\/03\/WhatsApp-Image-2025-01-24-at-12.11.45-5-1536x864.jpeg 1536w, https:\/\/datastorms.eu\/wp-content\/uploads\/2025\/03\/WhatsApp-Image-2025-01-24-at-12.11.45-5.jpeg 1600w\" sizes=\"auto, (max-width: 1024px) 100vw, 1024px\" \/><\/figure><div class=\"wp-block-media-text__content\">\n<h4 class=\"wp-block-heading\">Software-Entwickler<\/h4>\n\n\n\n<p>Es macht Ihnen Spa\u00df, mit einer leeren Leinwand zu beginnen und etwas Innovatives von Grund auf aufzubauen. Sie denken auch aktiv mit Beratern \u00fcber die besten L\u00f6sungen f\u00fcr Implementierungen nach.<\/p>\n\n\n\n<h6 class=\"wp-block-heading\">Was werden Sie tun?<\/h6>\n\n\n\n<p>- Entwicklung und Pflege von Datastorms f\u00fcr verschiedene Kunden.<br>- Spezialisierung auf Graphdatenbanken und Integration mit anderen Anwendungen.<br>- Arbeiten mit TypeScript als Hauptprogrammiersprache.<br>- Gemeinsam mit Beratern \u00fcber optimale Implementierungen nachdenken.<br>- Aufbau skalierbarer und effizienter Datenl\u00f6sungen.<\/p>\n\n\n\n<h6 class=\"wp-block-heading\">Was bringen Sie mit?<\/h6>\n\n\n\n<p>- Ein abgeschlossenes Hochschulstudium oder umfassende Erfahrung in der Softwareentwicklung.<br>- Erfahrung mit JavaScript (vorzugsweise auch TypeScript).<br>- Kenntnisse von oder Interesse an Graphdatenbanken.<br>- Erfahrung in der Datenintegration und -entwicklung ist von Vorteil.<br>- Eine kreative, l\u00f6sungsorientierte Denkweise.<br>- Verf\u00fcgbarkeit von mindestens 3 Tagen pro Woche.<\/p>\n<\/div><\/div>\n\n\n\n<p><\/p>","protected":false},"excerpt":{"rendered":"<p>Zet jouw passie en drive in voor ons platform! Samen zorgen we ervoor de software steeds beter wordt. Daarnaast realiseren we allerlei koppelingen en integraties. Zo zijn we een belangrijke rol in de software architectuur van onze klanten. Word jij enthousiast van werken met state-of-the-art tools en help je graag klanten vooruit in hun next&hellip;&nbsp;<a href=\"https:\/\/datastorms.eu\/de\/werken-bij\/\" rel=\"bookmark\">Weiterlesen \u00bb<span class=\"screen-reader-text\">Arbeiten bei<\/span><\/a><\/p>","protected":false},"author":1,"featured_media":1138,"parent":0,"menu_order":0,"comment_status":"closed","ping_status":"closed","template":"","meta":{"neve_meta_sidebar":"","neve_meta_container":"","neve_meta_enable_content_width":"","neve_meta_content_width":0,"neve_meta_title_alignment":"","neve_meta_author_avatar":"","neve_post_elements_order":"","neve_meta_disable_header":"","neve_meta_disable_footer":"","neve_meta_disable_title":"","neve_meta_reading_time":"","_themeisle_gutenberg_block_has_review":false,"footnotes":""},"class_list":["post-1137","page","type-page","status-publish","has-post-thumbnail","hentry"],"_links":{"self":[{"href":"https:\/\/datastorms.eu\/de\/wp-json\/wp\/v2\/pages\/1137","targetHints":{"allow":["GET"]}}],"collection":[{"href":"https:\/\/datastorms.eu\/de\/wp-json\/wp\/v2\/pages"}],"about":[{"href":"https:\/\/datastorms.eu\/de\/wp-json\/wp\/v2\/types\/page"}],"author":[{"embeddable":true,"href":"https:\/\/datastorms.eu\/de\/wp-json\/wp\/v2\/users\/1"}],"replies":[{"embeddable":true,"href":"https:\/\/datastorms.eu\/de\/wp-json\/wp\/v2\/comments?post=1137"}],"version-history":[{"count":5,"href":"https:\/\/datastorms.eu\/de\/wp-json\/wp\/v2\/pages\/1137\/revisions"}],"predecessor-version":[{"id":1151,"href":"https:\/\/datastorms.eu\/de\/wp-json\/wp\/v2\/pages\/1137\/revisions\/1151"}],"wp:featuredmedia":[{"embeddable":true,"href":"https:\/\/datastorms.eu\/de\/wp-json\/wp\/v2\/media\/1138"}],"wp:attachment":[{"href":"https:\/\/datastorms.eu\/de\/wp-json\/wp\/v2\/media?parent=1137"}],"curies":[{"name":"wp","href":"https:\/\/api.w.org\/{rel}","templated":true}]}}