{"id":1196,"date":"2025-07-01T11:42:46","date_gmt":"2025-07-01T09:42:46","guid":{"rendered":"https:\/\/datastorms.eu\/?page_id=1196"},"modified":"2025-07-01T11:42:47","modified_gmt":"2025-07-01T09:42:47","slug":"trainingen","status":"publish","type":"page","link":"https:\/\/datastorms.eu\/de\/trainingen\/","title":{"rendered":"Ausbildung"},"content":{"rendered":"<p>Wir bieten verschiedene Schulungen f\u00fcr unsere Plattform an: vom Einsteiger bis zum Spezialisten.<\/p>\n\n\n\n<p>In unseren dreiteiligen Ausbildungsprogrammen lernen Sie, strukturiert zu arbeiten mit&nbsp;<strong>Datastorms<\/strong>, von den ersten Schemata bis zur API-Integration. Jede Schulung dauert zwei Tage und wird von erfahrenen Spezialisten durchgef\u00fchrt. Nach Abschluss des gesamten Kurses k\u00f6nnen Sie sich qualifizieren als&nbsp;<strong>offizieller Sachverst\u00e4ndiger oder Durchf\u00fchrungspartner<\/strong>.<\/p>\n\n\n\n<h3 class=\"wp-block-heading\">Jedes Training:<\/h3>\n\n\n\n<ul class=\"wp-block-list\">\n<li>Mindestens 2 Teilnehmer<\/li>\n\n\n\n<li>Dauer: 2 Tage<\/li>\n\n\n\n<li>Preis: 1.500 \u20ac pro Teilnehmer<\/li>\n\n\n\n<li>Inklusive 2 Wochen Zugang zur Schulungsumgebung<\/li>\n\n\n\n<li>Option zum Hochladen Ihrer Schulungsumgebung in Ihre eigene Umgebung<\/li>\n\n\n\n<li>Gelegenheit, Ihren eigenen Anwendungsfall zu diskutieren.<\/li>\n<\/ul>\n\n\n\n<h3 class=\"wp-block-heading\"><strong>Basic (2 Tage)<\/strong><\/h3>\n\n\n\n<p>Dieser Kurs ist f\u00fcr jeden geeignet, der mit Datastorms beginnen m\u00f6chte. Lernen Sie, wie Datastorms strukturiert ist und beginnen Sie, Ihre eigenen Seiten und Diagramme zu erstellen.<br><br><strong>Inhalt:<\/strong><\/p>\n\n\n\n<ul class=\"wp-block-list\">\n<li>Einf\u00fchrungsstruktur Datenst\u00fcrme<\/li>\n\n\n\n<li>Arbeiten mit Diagrammen (ohne RS\/IS)<\/li>\n\n\n\n<li>Eigenschaften und Beziehungen festlegen<\/li>\n\n\n\n<li>Aufbau von Seiten (Tabellen-\/Baumkomponenten)<\/li>\n\n\n\n<li>Benutzerverwaltung: Rolle \u2018Alle<\/li>\n\n\n\n<li>Daten importieren<\/li>\n<\/ul>\n\n\n\n<h3 class=\"wp-block-heading\"><strong><strong><strong>Fortgeschrittene (2 Tage)<\/strong><\/strong><\/strong><\/h3>\n\n\n\n<p>In dieser Schulung werden Sie sich mit relationalen Schemata und der Benutzerverwaltung befassen und lernen, wie man Berichte erstellt.<\/p>\n\n\n\n<p><strong>Inhalt:<\/strong><\/p>\n\n\n\n<ul class=\"wp-block-list\">\n<li>Beziehungsdiagramm und Schnittstellendiagramm<\/li>\n\n\n\n<li>Berichte erstellen<\/li>\n\n\n\n<li>Rollen und Filterm\u00f6glichkeiten in der Benutzerverwaltung<\/li>\n\n\n\n<li>Einrichten von Vorlagen<\/li>\n<\/ul>\n\n\n\n<h3 class=\"wp-block-heading\"><strong><strong><strong>Experte (2 Tage)<\/strong><\/strong><\/strong><\/h3>\n\n\n\n<p>F\u00fcr fortgeschrittene Benutzer, die integrieren, automatisieren und erweitern wollen. Erfahren Sie, wie Sie Datastorms mit anderen Systemen verbinden und Arbeitsabl\u00e4ufe automatisieren k\u00f6nnen.<br><br><strong>Inhalt:<\/strong><\/p>\n\n\n\n<ul class=\"wp-block-list\">\n<li>Verwendung von Anschl\u00fcssen<\/li>\n\n\n\n<li>Arbeiten mit der Datastorms API<\/li>\n\n\n\n<li>Automatisierung von Arbeitsabl\u00e4ufen<\/li>\n<\/ul>\n\n\n\n<p>Sind Sie an einer oder mehreren Datastorms-Schulungen interessiert? Kontaktieren Sie uns unter info@datastorms.eu<\/p>","protected":false},"excerpt":{"rendered":"<p>Wij bieden voor ons platform diverse trainingen aan: van starter tot specialist. Met onze driedelige trainingstrajecten leer je gestructureerd werken met&nbsp;Datastorms, van de eerste schema\u2019s tot API-integraties. Iedere training duurt twee dagen en wordt gegeven door ervaren specialisten. Na afloop van het volledige traject kun je je kwalificeren als&nbsp;officieel expert of implementatiepartner. Elke training: Basis&hellip;&nbsp;<a href=\"https:\/\/datastorms.eu\/de\/trainingen\/\" rel=\"bookmark\">Weiterlesen \u00bb<span class=\"screen-reader-text\">Ausbildung<\/span><\/a><\/p>","protected":false},"author":1,"featured_media":1053,"parent":0,"menu_order":0,"comment_status":"closed","ping_status":"closed","template":"","meta":{"neve_meta_sidebar":"","neve_meta_container":"","neve_meta_enable_content_width":"","neve_meta_content_width":0,"neve_meta_title_alignment":"","neve_meta_author_avatar":"","neve_post_elements_order":"","neve_meta_disable_header":"","neve_meta_disable_footer":"","neve_meta_disable_title":"","neve_meta_reading_time":"","_themeisle_gutenberg_block_has_review":false,"footnotes":""},"class_list":["post-1196","page","type-page","status-publish","has-post-thumbnail","hentry"],"_links":{"self":[{"href":"https:\/\/datastorms.eu\/de\/wp-json\/wp\/v2\/pages\/1196","targetHints":{"allow":["GET"]}}],"collection":[{"href":"https:\/\/datastorms.eu\/de\/wp-json\/wp\/v2\/pages"}],"about":[{"href":"https:\/\/datastorms.eu\/de\/wp-json\/wp\/v2\/types\/page"}],"author":[{"embeddable":true,"href":"https:\/\/datastorms.eu\/de\/wp-json\/wp\/v2\/users\/1"}],"replies":[{"embeddable":true,"href":"https:\/\/datastorms.eu\/de\/wp-json\/wp\/v2\/comments?post=1196"}],"version-history":[{"count":2,"href":"https:\/\/datastorms.eu\/de\/wp-json\/wp\/v2\/pages\/1196\/revisions"}],"predecessor-version":[{"id":1198,"href":"https:\/\/datastorms.eu\/de\/wp-json\/wp\/v2\/pages\/1196\/revisions\/1198"}],"wp:featuredmedia":[{"embeddable":true,"href":"https:\/\/datastorms.eu\/de\/wp-json\/wp\/v2\/media\/1053"}],"wp:attachment":[{"href":"https:\/\/datastorms.eu\/de\/wp-json\/wp\/v2\/media?parent=1196"}],"curies":[{"name":"wp","href":"https:\/\/api.w.org\/{rel}","templated":true}]}}