{"id":1231,"date":"2026-01-06T12:26:08","date_gmt":"2026-01-06T11:26:08","guid":{"rendered":"https:\/\/datastorms.eu\/?page_id=1231"},"modified":"2026-01-06T12:33:10","modified_gmt":"2026-01-06T11:33:10","slug":"lernen-sie-datastorms-personlich-kennen","status":"publish","type":"page","link":"https:\/\/datastorms.eu\/de\/lernen-sie-datastorms-personlich-kennen\/","title":{"rendered":"Lernen Sie Datastorms pers\u00f6nlich kennen"},"content":{"rendered":"<div class=\"wp-block-media-text has-media-on-the-right is-stacked-on-mobile is-image-fill-element\" style=\"padding-right:0;padding-left:0;grid-template-columns:auto 46%\"><div class=\"wp-block-media-text__content\">\n<p class=\"has-custom-2-color has-text-color has-link-color wp-elements-0e8c7debf80e29c20a2490fcbb76ba22\"><strong>Buchen Sie Ihren Expertentermin f\u00fcr eine pragmatische Informationsbasis.<\/strong><\/p>\n\n\n\n<p>Vielen Dank f\u00fcr Ihr Interesse an Datastorms auf der Fachmesse! Excelchaos und Datensilos bestimmen noch immer viel zu oft den Alltag im Tiefbau. Das muss jedoch nicht so bleiben. Wir zeigen Ihnen gerne, wie Sie mit Systems Engineering die volle Kontrolle \u00fcber Projekte, Assets und Anforderungen zur\u00fcckgewinnen.<\/p>\n\n\n\n<p>In einem Gespr\u00e4ch von 120 Minuten entdecken Sie:<\/p>\n\n\n\n<ul class=\"wp-block-list\">\n<li><strong>Ihre spezielle Herausforderung<\/strong>Wie wir die L\u00fccke zwischen der unkontrollierten Flexibilit\u00e4t von Excel und der starren Komplexit\u00e4t traditioneller Systeme schlie\u00dfen.<\/li>\n\n\n\n<li><strong>Direkte Effizienz<\/strong>Wie Sie bestehende Systeme wie BIM, GIS und GAEB \u00fcber eine offene API verbinden.<\/li>\n\n\n\n<li><strong>Wissenssicherung<\/strong>Wie Sie Projektlogik und Expertise \u00fcber den gesamten Lebenszyklus von Assets hinweg wiederverwendbar machen.<\/li>\n<\/ul>\n\n\n\n<p class=\"has-custom-2-color has-text-color has-link-color wp-elements-df7671134acff094197a64724b5484fe\"><strong>W\u00e4hlen Sie unten einfach einen passenden Tag und Zeitpunkt in unserem Kalender aus. Wir freuen uns auf den Austausch!<\/strong><\/p>\n<\/div><figure class=\"wp-block-media-text__media\"><img loading=\"lazy\" decoding=\"async\" width=\"1024\" height=\"682\" src=\"https:\/\/datastorms.eu\/wp-content\/uploads\/2026\/01\/kreisverkehr-b304_teisendorf_deutschland_swietelsky-baugesellschaft-m-b-h-_zweigniederlassung-traunstein-be-1-1024x682.jpeg\" alt=\"\" class=\"wp-image-1234 size-full\" style=\"object-position:100% 100%\" srcset=\"https:\/\/datastorms.eu\/wp-content\/uploads\/2026\/01\/kreisverkehr-b304_teisendorf_deutschland_swietelsky-baugesellschaft-m-b-h-_zweigniederlassung-traunstein-be-1-1024x682.jpeg 1024w, https:\/\/datastorms.eu\/wp-content\/uploads\/2026\/01\/kreisverkehr-b304_teisendorf_deutschland_swietelsky-baugesellschaft-m-b-h-_zweigniederlassung-traunstein-be-1-300x200.jpeg 300w, https:\/\/datastorms.eu\/wp-content\/uploads\/2026\/01\/kreisverkehr-b304_teisendorf_deutschland_swietelsky-baugesellschaft-m-b-h-_zweigniederlassung-traunstein-be-1-768x512.jpeg 768w, https:\/\/datastorms.eu\/wp-content\/uploads\/2026\/01\/kreisverkehr-b304_teisendorf_deutschland_swietelsky-baugesellschaft-m-b-h-_zweigniederlassung-traunstein-be-1-18x12.jpeg 18w, https:\/\/datastorms.eu\/wp-content\/uploads\/2026\/01\/kreisverkehr-b304_teisendorf_deutschland_swietelsky-baugesellschaft-m-b-h-_zweigniederlassung-traunstein-be-1-930x620.jpeg 930w, https:\/\/datastorms.eu\/wp-content\/uploads\/2026\/01\/kreisverkehr-b304_teisendorf_deutschland_swietelsky-baugesellschaft-m-b-h-_zweigniederlassung-traunstein-be-1.jpeg 1280w\" sizes=\"auto, (max-width: 1024px) 100vw, 1024px\" \/><\/figure><\/div>\n\n\n\n<!-- Google Calendar Appointment Scheduling begin -->\n<iframe loading=\"lazy\" src=\"https:\/\/calendar.google.com\/calendar\/appointments\/schedules\/AcZssZ3ewOTake-A1u4ODjJoM7jONuNGx7xrKB3mFHoq6yrVRRggQRTgt9opbTGOBF66Ff8HSfPWsOqK?gv=true\" style=\"border: 0\" width=\"100%\" height=\"600\" frameborder=\"0\"><\/iframe>\n<!-- end Google Calendar Appointment Scheduling -->\n\n\n\n<p><strong>Keinen passenden Termin gefunden?<\/strong> Kein Problem. Kontaktieren Sie uns direkt, um einen individuellen Zeitpunkt zu vereinbaren, der besser in Ihren Zeitplan passt: <a href=\"mailto:info@datastorms.eu\">info@datastorms.eu<\/a>.<\/p>\n\n\n\n<p class=\"has-custom-2-color has-text-color has-link-color wp-elements-0e0a203ae30b174c1c5518fd679b4433\"><strong>\u00dcber Datenst\u00fcrme<\/strong> <\/p>\n\n\n\n<p>Datastorms ist die zentrale Informationsbasis, die Flexibilit\u00e4t und Kontrolle kombiniert. Wir unterst\u00fctzen Informationsmanager, Projektleiter und Assetmanager dabei, Daten in nutzbares Wissen zu verwandeln.<br><br><br><\/p>\n\n\n\n<p><\/p>","protected":false},"excerpt":{"rendered":"<p>Keinen passenden Termin gefunden? Kein Problem. Kontaktieren Sie uns direkt, um einen individuellen Zeitpunkt zu vereinbaren, der besser in Ihren Zeitplan passt: info@datastorms.eu. \u00dcber Datastorms Datastorms ist die zentrale Informationsbasis, die Flexibilit\u00e4t und Kontrolle kombiniert. Wir unterst\u00fctzen Informationsmanager, Projektleiter und Assetmanager dabei, Daten in nutzbares Wissen zu verwandeln.<\/p>","protected":false},"author":1,"featured_media":1240,"parent":0,"menu_order":0,"comment_status":"closed","ping_status":"closed","template":"","meta":{"neve_meta_sidebar":"","neve_meta_container":"","neve_meta_enable_content_width":"","neve_meta_content_width":0,"neve_meta_title_alignment":"","neve_meta_author_avatar":"","neve_post_elements_order":"","neve_meta_disable_header":"","neve_meta_disable_footer":"","neve_meta_disable_title":"","neve_meta_reading_time":"","_themeisle_gutenberg_block_has_review":false,"footnotes":""},"class_list":["post-1231","page","type-page","status-publish","has-post-thumbnail","hentry"],"_links":{"self":[{"href":"https:\/\/datastorms.eu\/de\/wp-json\/wp\/v2\/pages\/1231","targetHints":{"allow":["GET"]}}],"collection":[{"href":"https:\/\/datastorms.eu\/de\/wp-json\/wp\/v2\/pages"}],"about":[{"href":"https:\/\/datastorms.eu\/de\/wp-json\/wp\/v2\/types\/page"}],"author":[{"embeddable":true,"href":"https:\/\/datastorms.eu\/de\/wp-json\/wp\/v2\/users\/1"}],"replies":[{"embeddable":true,"href":"https:\/\/datastorms.eu\/de\/wp-json\/wp\/v2\/comments?post=1231"}],"version-history":[{"count":2,"href":"https:\/\/datastorms.eu\/de\/wp-json\/wp\/v2\/pages\/1231\/revisions"}],"predecessor-version":[{"id":1236,"href":"https:\/\/datastorms.eu\/de\/wp-json\/wp\/v2\/pages\/1231\/revisions\/1236"}],"wp:featuredmedia":[{"embeddable":true,"href":"https:\/\/datastorms.eu\/de\/wp-json\/wp\/v2\/media\/1240"}],"wp:attachment":[{"href":"https:\/\/datastorms.eu\/de\/wp-json\/wp\/v2\/media?parent=1231"}],"curies":[{"name":"wp","href":"https:\/\/api.w.org\/{rel}","templated":true}]}}