{"id":1616,"date":"2026-05-12T14:03:55","date_gmt":"2026-05-12T12:03:55","guid":{"rendered":"https:\/\/datastorms.eu\/?page_id=1616"},"modified":"2026-05-12T14:47:05","modified_gmt":"2026-05-12T12:47:05","slug":"sectoren","status":"publish","type":"page","link":"https:\/\/datastorms.eu\/de\/sectoren\/","title":{"rendered":"Sektoren"},"content":{"rendered":"<div id=\"waterschappen\" class=\"wp-block-themeisle-blocks-advanced-columns has-3-columns has-desktop-equal-layout has-tablet-equal-layout has-mobile-collapsedRows-layout has-vertical-unset\"><div class=\"wp-block-themeisle-blocks-advanced-columns-overlay\"><\/div><div class=\"innerblocks-wrap\">\n<div id=\"wp-block-themeisle-blocks-advanced-column-9f5fd4d0\" class=\"wp-block-themeisle-blocks-advanced-column\">\n<div class=\"wp-block-cover is-light\" style=\"border-top-left-radius:25px;border-top-right-radius:25px;border-bottom-left-radius:25px;border-bottom-right-radius:25px;padding-top:0;padding-right:0;padding-bottom:0;padding-left:0;min-height:322px;aspect-ratio:unset;\"><span aria-hidden=\"true\" class=\"wp-block-cover__background has-background-dim has-background-gradient has-vivid-cyan-blue-to-vivid-purple-gradient-background\"><\/span><div class=\"wp-block-cover__inner-container is-layout-constrained wp-container-core-cover-is-layout-c6b4b7cd wp-block-cover-is-layout-constrained\"><div class=\"wp-block-image\">\n<figure class=\"aligncenter size-full is-resized\"><img loading=\"lazy\" decoding=\"async\" width=\"65\" height=\"65\" src=\"https:\/\/datastorms.eu\/wp-content\/uploads\/2026\/05\/Frame-10-1.png\" alt=\"\" class=\"wp-image-1610\" style=\"width:100px\" srcset=\"https:\/\/datastorms.eu\/wp-content\/uploads\/2026\/05\/Frame-10-1.png 65w, https:\/\/datastorms.eu\/wp-content\/uploads\/2026\/05\/Frame-10-1-12x12.png 12w\" sizes=\"auto, (max-width: 65px) 100vw, 65px\" \/><\/figure>\n<\/div><\/div><\/div>\n<\/div>\n\n\n\n<div id=\"wp-block-themeisle-blocks-advanced-column-28a6c4c9\" class=\"wp-block-themeisle-blocks-advanced-column\">\n<div style=\"height:100px\" aria-hidden=\"true\" class=\"wp-block-spacer\"><\/div>\n<\/div>\n\n\n\n<div id=\"wp-block-themeisle-blocks-advanced-column-024251e5\" class=\"wp-block-themeisle-blocks-advanced-column\">\n<h3 class=\"wp-block-heading has-neve-link-color-color has-text-color has-link-color wp-elements-c224988ace90ead70d760421f065010c\">Gemeinden<\/h3>\n\n\n\n<p>Datastorms unterst\u00fctzt Kommunen bei der digitalen Steuerung von B\u00fcrgerbeteiligung, Immobilien und Projekten. Durch die Konsolidierung verstreuter Daten aus Excel-Dateien und individuellem Wissen in einer zentralen Plattform bieten wir eine l\u00fcckenlose Informationsversorgung. Von strategischem Einblick in das Immobilienportfolio bis hin zur Vertragsgestaltung: Wir bieten f\u00fcr jede Fragestellung ein schl\u00fcssiges Informationssystem. Damit sichern wir Daten, die zuvor in Tabellenkalkulationen oder pers\u00f6nlichem Wissen verstreut waren, und wandeln diese in eine direkte digitale Steuerung f\u00fcr die Organisation um.<\/p>\n\n\n\n<div class=\"wp-block-buttons niet-klikbaar ticss-df1c24e3 is-layout-flex wp-block-buttons-is-layout-flex\">\n<div class=\"wp-block-button\"><a class=\"wp-block-button__link has-neve-link-color-color has-custom-1-background-color has-text-color has-background has-link-color wp-element-button\" style=\"border-style:none;border-width:0px;border-top-left-radius:50px;border-top-right-radius:50px;border-bottom-left-radius:50px;border-bottom-right-radius:50px\">Projektleitung<\/a><\/div>\n\n\n\n<div class=\"wp-block-button\"><a class=\"wp-block-button__link has-neve-link-color-color has-custom-1-background-color has-text-color has-background has-link-color wp-element-button\" style=\"border-style:none;border-width:0px;border-top-left-radius:50px;border-top-right-radius:50px;border-bottom-left-radius:50px;border-bottom-right-radius:50px\">Immobilienverwaltung<\/a><\/div>\n<\/div>\n<\/div>\n<\/div><\/div>\n\n\n\n<hr class=\"wp-block-separator has-text-color has-neve-link-color-color has-alpha-channel-opacity has-neve-link-color-background-color has-background\"\/>\n\n\n\n<div id=\"infra\" class=\"wp-block-themeisle-blocks-advanced-columns has-3-columns has-desktop-equal-layout has-tablet-equal-layout has-mobile-collapsedRows-layout has-vertical-unset\"><div class=\"wp-block-themeisle-blocks-advanced-columns-overlay\"><\/div><div class=\"innerblocks-wrap\">\n<div id=\"wp-block-themeisle-blocks-advanced-column-0c2c99c4\" class=\"wp-block-themeisle-blocks-advanced-column\">\n<h3 class=\"wp-block-heading has-neve-link-color-color has-text-color has-link-color wp-elements-1d729396459820afdb5de27f59e0770d\">Wasserbeh\u00f6rden<\/h3>\n\n\n\n<p>Das Management von Deichen, Kl\u00e4ranlagen und Schleusen stellt eine kritische Aufgabe mit extrem hohen Informationsanforderungen dar. Datastorms unterst\u00fctzt Wasserbeh\u00f6rden bei der Gew\u00e4hrleistung des PDCA-Zyklus und des integralen Lebenszyklusmanagements. Durch die direkte Kopplung von AIM\/PIMS und Asset Management an den Prozess von der Planung bis zur Bewirtschaftung garantieren wir Prozesskonsistenz und eine schl\u00fcssige Beweisf\u00fchrung f\u00fcr jedes Asset.<\/p>\n\n\n\n<div class=\"wp-block-buttons niet-klikbaar is-layout-flex wp-block-buttons-is-layout-flex\">\n<div class=\"wp-block-button\"><a class=\"wp-block-button__link has-neve-link-color-color has-custom-1-background-color has-text-color has-background has-link-color wp-element-button\" style=\"border-style:none;border-width:0px;border-top-left-radius:50px;border-top-right-radius:50px;border-bottom-left-radius:50px;border-bottom-right-radius:50px\">Projektleitung<\/a><\/div>\n\n\n\n<div class=\"wp-block-button\"><a class=\"wp-block-button__link has-neve-link-color-color has-custom-1-background-color has-text-color has-background has-link-color wp-element-button\" style=\"border-style:none;border-width:0px;border-top-left-radius:50px;border-top-right-radius:50px;border-bottom-left-radius:50px;border-bottom-right-radius:50px\">Anlagenverwaltung<\/a><\/div>\n\n\n\n<div class=\"wp-block-button niet-klikbaar ticss-924fa22f\"><a class=\"wp-block-button__link has-neve-link-color-color has-custom-1-background-color has-text-color has-background has-link-color wp-element-button\" style=\"border-style:none;border-width:0px;border-top-left-radius:50px;border-top-right-radius:50px;border-bottom-left-radius:50px;border-bottom-right-radius:50px\">Wissensmanagement<\/a><\/div>\n<\/div>\n<\/div>\n\n\n\n<div id=\"wp-block-themeisle-blocks-advanced-column-d875b5b9\" class=\"wp-block-themeisle-blocks-advanced-column\">\n<div style=\"height:100px\" aria-hidden=\"true\" class=\"wp-block-spacer\"><\/div>\n<\/div>\n\n\n\n<div id=\"wp-block-themeisle-blocks-advanced-column-37566ad4\" class=\"wp-block-themeisle-blocks-advanced-column\">\n<div class=\"wp-block-cover is-light waterschappen\" style=\"border-top-left-radius:25px;border-top-right-radius:25px;border-bottom-left-radius:25px;border-bottom-right-radius:25px;padding-top:0;padding-right:0;padding-bottom:0;padding-left:0;min-height:322px;aspect-ratio:unset;\"><span aria-hidden=\"true\" class=\"wp-block-cover__background has-background-dim has-background-gradient has-light-green-cyan-to-vivid-green-cyan-gradient-background\"><\/span><div class=\"wp-block-cover__inner-container is-layout-constrained wp-container-core-cover-is-layout-c6b4b7cd wp-block-cover-is-layout-constrained\"><div class=\"wp-block-image\">\n<figure class=\"aligncenter size-full is-resized\"><img loading=\"lazy\" decoding=\"async\" width=\"65\" height=\"65\" src=\"https:\/\/datastorms.eu\/wp-content\/uploads\/2026\/05\/Frame-12.png\" alt=\"\" class=\"wp-image-1612\" style=\"width:100px\" srcset=\"https:\/\/datastorms.eu\/wp-content\/uploads\/2026\/05\/Frame-12.png 65w, https:\/\/datastorms.eu\/wp-content\/uploads\/2026\/05\/Frame-12-12x12.png 12w\" sizes=\"auto, (max-width: 65px) 100vw, 65px\" \/><\/figure>\n<\/div><\/div><\/div>\n<\/div>\n<\/div><\/div>\n\n\n\n<hr class=\"wp-block-separator has-text-color has-neve-link-color-color has-alpha-channel-opacity has-neve-link-color-background-color has-background\"\/>\n\n\n\n<div id=\"utiliteit\" class=\"wp-block-themeisle-blocks-advanced-columns has-3-columns has-desktop-equal-layout has-tablet-equal-layout has-mobile-collapsedRows-layout has-vertical-unset infra\"><div class=\"wp-block-themeisle-blocks-advanced-columns-overlay\"><\/div><div class=\"innerblocks-wrap\">\n<div id=\"wp-block-themeisle-blocks-advanced-column-0a8f049d\" class=\"wp-block-themeisle-blocks-advanced-column\">\n<div class=\"wp-block-cover is-light\" style=\"border-top-left-radius:25px;border-top-right-radius:25px;border-bottom-left-radius:25px;border-bottom-right-radius:25px;padding-top:0;padding-right:0;padding-bottom:0;padding-left:0;min-height:322px;aspect-ratio:unset;\"><span aria-hidden=\"true\" class=\"wp-block-cover__background has-background-dim has-background-gradient has-luminous-vivid-orange-to-vivid-red-gradient-background\"><\/span><div class=\"wp-block-cover__inner-container is-layout-constrained wp-container-core-cover-is-layout-c6b4b7cd wp-block-cover-is-layout-constrained\"><div class=\"wp-block-image\">\n<figure class=\"aligncenter size-full is-resized\"><img loading=\"lazy\" decoding=\"async\" width=\"65\" height=\"65\" src=\"https:\/\/datastorms.eu\/wp-content\/uploads\/2026\/05\/Frame-11.png\" alt=\"\" class=\"wp-image-1611\" style=\"width:100px\" srcset=\"https:\/\/datastorms.eu\/wp-content\/uploads\/2026\/05\/Frame-11.png 65w, https:\/\/datastorms.eu\/wp-content\/uploads\/2026\/05\/Frame-11-12x12.png 12w\" sizes=\"auto, (max-width: 65px) 100vw, 65px\" \/><\/figure>\n<\/div><\/div><\/div>\n<\/div>\n\n\n\n<div id=\"wp-block-themeisle-blocks-advanced-column-67901287\" class=\"wp-block-themeisle-blocks-advanced-column\">\n<div style=\"height:100px\" aria-hidden=\"true\" class=\"wp-block-spacer\"><\/div>\n<\/div>\n\n\n\n<div id=\"wp-block-themeisle-blocks-advanced-column-6b7e2185\" class=\"wp-block-themeisle-blocks-advanced-column\">\n<h3 class=\"wp-block-heading has-neve-link-color-color has-text-color has-link-color wp-elements-ba651daba04e61f1ac7fe3c86d1ee72f\">Infrastruktur<\/h3>\n\n\n\n<p>In der Infrastruktur m\u00fcssen Auftraggeber, Auftragnehmer und Ingenieurb\u00fcros nahtlos zusammenarbeiten k\u00f6nnen. Datastorms bietet die Struktur f\u00fcr ein integriertes Anforderungsmanagement und Systems Engineering (SE), wodurch Sie die Kontrolle \u00fcber den Umfang und Vertrags\u00e4nderungen behalten \u2013 von der Ausschreibung bis zur endg\u00fcltigen Abnahme. Wir minimieren Fehlerkosten, indem wir Verifizierung und Validierung (V&amp;V) zum Bestandteil der t\u00e4glichen Arbeit machen, nicht zur nachtr\u00e4glichen Administration.<\/p>\n\n\n\n<div class=\"wp-block-buttons niet-klikbaar ticss-d019ac42 is-layout-flex wp-block-buttons-is-layout-flex\">\n<div class=\"wp-block-button knopje ticss-0c18b2f5\"><a class=\"wp-block-button__link has-neve-link-color-color has-custom-1-background-color has-text-color has-background has-link-color wp-element-button\" style=\"border-style:none;border-width:0px;border-top-left-radius:50px;border-top-right-radius:50px;border-bottom-left-radius:50px;border-bottom-right-radius:50px\">Projektleitung<\/a><\/div>\n\n\n\n<div class=\"wp-block-button\"><a class=\"wp-block-button__link has-neve-link-color-color has-custom-1-background-color has-text-color has-background has-link-color wp-element-button\" style=\"border-style:none;border-width:0px;border-top-left-radius:50px;border-top-right-radius:50px;border-bottom-left-radius:50px;border-bottom-right-radius:50px\">Sicherheits- und Vorfallmanagement<\/a><\/div>\n\n\n\n<div class=\"wp-block-button\"><a class=\"wp-block-button__link has-neve-link-color-color has-custom-1-background-color has-text-color has-background has-link-color wp-element-button\" style=\"border-style:none;border-width:0px;border-top-left-radius:50px;border-top-right-radius:50px;border-bottom-left-radius:50px;border-bottom-right-radius:50px\">Genehmigungsmanagement<\/a><\/div>\n\n\n\n<div class=\"wp-block-button\"><a class=\"wp-block-button__link has-neve-link-color-color has-custom-1-background-color has-text-color has-background has-link-color wp-element-button\" style=\"border-style:none;border-width:0px;border-top-left-radius:50px;border-top-right-radius:50px;border-bottom-left-radius:50px;border-bottom-right-radius:50px\">Wissensmanagement<\/a><\/div>\n<\/div>\n<\/div>\n<\/div><\/div>\n\n\n\n<hr class=\"wp-block-separator has-text-color has-neve-link-color-color has-alpha-channel-opacity has-neve-link-color-background-color has-background\"\/>\n\n\n\n<div style=\"height:50px\" aria-hidden=\"true\" class=\"wp-block-spacer\"><\/div>\n\n\n\n<div id=\"maritiem\" class=\"wp-block-themeisle-blocks-advanced-columns has-3-columns has-desktop-equal-layout has-tablet-equal-layout has-mobile-collapsedRows-layout has-vertical-unset\"><div class=\"wp-block-themeisle-blocks-advanced-columns-overlay\"><\/div><div class=\"innerblocks-wrap\">\n<div id=\"wp-block-themeisle-blocks-advanced-column-661ef3da\" class=\"wp-block-themeisle-blocks-advanced-column\">\n<h3 class=\"wp-block-heading has-neve-link-color-color has-text-color has-link-color wp-elements-50e7cb19d456bcf397f67c2aeb66a414\">Nutzen<\/h3>\n\n\n\n<p>Im Sektor des Zweckbaus ist eine Plattform, die \u00fcber reine Zusammenarbeit hinausgeht, unerl\u00e4sslich. Datastorms erm\u00f6glicht die Integration mit BIM, was Ihrem Informationsmanagement eine zus\u00e4tzliche Dimension verleiht. Durch direkte Verkn\u00fcpfung von Anforderungen und \u00dcberpr\u00fcfungen mit dem digitalen Modell entsteht ein intelligenter Zusammenhang zwischen der Installationstechnik und der baulichen Realit\u00e4t, vom ersten Entwurf bis zum tats\u00e4chlichen Betrieb.<\/p>\n\n\n\n<div class=\"wp-block-buttons niet-klikbaar ticss-d5868915 is-layout-flex wp-block-buttons-is-layout-flex\">\n<div class=\"wp-block-button\"><a class=\"wp-block-button__link has-neve-link-color-color has-custom-1-background-color has-text-color has-background has-link-color wp-element-button\" style=\"border-style:none;border-width:0px;border-top-left-radius:50px;border-top-right-radius:50px;border-bottom-left-radius:50px;border-bottom-right-radius:50px\">Projektleitung<\/a><\/div>\n\n\n\n<div class=\"wp-block-button\"><a class=\"wp-block-button__link has-neve-link-color-color has-custom-1-background-color has-text-color has-background has-link-color wp-element-button\" style=\"border-style:none;border-width:0px;border-top-left-radius:50px;border-top-right-radius:50px;border-bottom-left-radius:50px;border-bottom-right-radius:50px\">Sicherheits- und Vorfallmanagement<\/a><\/div>\n\n\n\n<div class=\"wp-block-button\"><a class=\"wp-block-button__link has-neve-link-color-color has-custom-1-background-color has-text-color has-background has-link-color wp-element-button\" style=\"border-style:none;border-width:0px;border-top-left-radius:50px;border-top-right-radius:50px;border-bottom-left-radius:50px;border-bottom-right-radius:50px\">Immobilienverwaltung<\/a><\/div>\n\n\n\n<div class=\"wp-block-button\"><a class=\"wp-block-button__link has-neve-link-color-color has-custom-1-background-color has-text-color has-background has-link-color wp-element-button\" style=\"border-style:none;border-width:0px;border-top-left-radius:50px;border-top-right-radius:50px;border-bottom-left-radius:50px;border-bottom-right-radius:50px\">Wissensmanagement<\/a><\/div>\n<\/div>\n<\/div>\n\n\n\n<div id=\"wp-block-themeisle-blocks-advanced-column-12a89b5e\" class=\"wp-block-themeisle-blocks-advanced-column\">\n<div style=\"height:100px\" aria-hidden=\"true\" class=\"wp-block-spacer\"><\/div>\n<\/div>\n\n\n\n<div id=\"wp-block-themeisle-blocks-advanced-column-150045dc\" class=\"wp-block-themeisle-blocks-advanced-column\">\n<div class=\"wp-block-cover is-light\" style=\"border-top-left-radius:25px;border-top-right-radius:25px;border-bottom-left-radius:25px;border-bottom-right-radius:25px;padding-top:0;padding-right:0;padding-bottom:0;padding-left:0;min-height:322px;aspect-ratio:unset;\"><span aria-hidden=\"true\" class=\"wp-block-cover__background has-background-dim has-background-gradient has-electric-grass-gradient-background\"><\/span><div class=\"wp-block-cover__inner-container is-layout-constrained wp-container-core-cover-is-layout-c6b4b7cd wp-block-cover-is-layout-constrained\"><div class=\"wp-block-image\">\n<figure class=\"aligncenter size-full is-resized\"><img loading=\"lazy\" decoding=\"async\" width=\"65\" height=\"65\" src=\"https:\/\/datastorms.eu\/wp-content\/uploads\/2026\/05\/Frame-13.png\" alt=\"\" class=\"wp-image-1613\" style=\"width:100px\" srcset=\"https:\/\/datastorms.eu\/wp-content\/uploads\/2026\/05\/Frame-13.png 65w, https:\/\/datastorms.eu\/wp-content\/uploads\/2026\/05\/Frame-13-12x12.png 12w\" sizes=\"auto, (max-width: 65px) 100vw, 65px\" \/><\/figure>\n<\/div><\/div><\/div>\n<\/div>\n<\/div><\/div>\n\n\n\n<div style=\"height:50px\" aria-hidden=\"true\" class=\"wp-block-spacer\"><\/div>\n\n\n\n<hr class=\"wp-block-separator has-text-color has-neve-link-color-color has-alpha-channel-opacity has-neve-link-color-background-color has-background\"\/>\n\n\n\n<div style=\"height:50px\" aria-hidden=\"true\" class=\"wp-block-spacer\"><\/div>\n\n\n\n<div id=\"energie\" class=\"wp-block-themeisle-blocks-advanced-columns has-3-columns has-desktop-equal-layout has-tablet-equal-layout has-mobile-collapsedRows-layout has-vertical-unset\"><div class=\"wp-block-themeisle-blocks-advanced-columns-overlay\"><\/div><div class=\"innerblocks-wrap\">\n<div id=\"wp-block-themeisle-blocks-advanced-column-79c7c4c2\" class=\"wp-block-themeisle-blocks-advanced-column\">\n<div class=\"wp-block-cover is-light\" style=\"border-top-left-radius:25px;border-top-right-radius:25px;border-bottom-left-radius:25px;border-bottom-right-radius:25px;padding-top:0;padding-right:0;padding-bottom:0;padding-left:0;min-height:322px;aspect-ratio:unset;\"><span aria-hidden=\"true\" class=\"wp-block-cover__background has-background-dim has-background-gradient has-luminous-dusk-gradient-background\"><\/span><div class=\"wp-block-cover__inner-container is-layout-constrained wp-container-core-cover-is-layout-c6b4b7cd wp-block-cover-is-layout-constrained\"><div class=\"wp-block-image\">\n<figure class=\"aligncenter size-full is-resized\"><img loading=\"lazy\" decoding=\"async\" width=\"65\" height=\"65\" src=\"https:\/\/datastorms.eu\/wp-content\/uploads\/2026\/05\/Frame-14.png\" alt=\"\" class=\"wp-image-1614\" style=\"width:100px\" srcset=\"https:\/\/datastorms.eu\/wp-content\/uploads\/2026\/05\/Frame-14.png 65w, https:\/\/datastorms.eu\/wp-content\/uploads\/2026\/05\/Frame-14-12x12.png 12w\" sizes=\"auto, (max-width: 65px) 100vw, 65px\" \/><\/figure>\n<\/div><\/div><\/div>\n<\/div>\n\n\n\n<div id=\"wp-block-themeisle-blocks-advanced-column-39996967\" class=\"wp-block-themeisle-blocks-advanced-column\">\n<div style=\"height:100px\" aria-hidden=\"true\" class=\"wp-block-spacer\"><\/div>\n<\/div>\n\n\n\n<div id=\"wp-block-themeisle-blocks-advanced-column-a79211ea\" class=\"wp-block-themeisle-blocks-advanced-column\">\n<h3 class=\"wp-block-heading has-neve-link-color-color has-text-color has-link-color wp-elements-7152918be0b1c76537c69911eb38caf5\" id=\"maritiem\"><strong>Maritim &amp; Offshore<\/strong> <\/h3>\n\n\n\n<p>Warum akzeptieren wir im Schiffbau immer noch, dass Projektdaten bei jedem Neubau oder jeder Umbauten neu aufgebaut werden? Datastorms durchbricht dieses Muster. Unsere Umgebung ist ohne komplexe ma\u00dfgeschneiderte Routen direkt betriebsbereit, wodurch Engineering und Werften ab dem ersten Tag die gleiche Sprache sprechen. Mit einem verifizierten Designkatalog flie\u00dft Daten strukturiert zur\u00fcck in die Organisation, so dass jedes Projekt die intelligente Basis f\u00fcr das n\u00e4chste bildet.<\/p>\n\n\n\n<div class=\"wp-block-buttons niet-klikbaar ticss-bcc0d0a3 is-layout-flex wp-block-buttons-is-layout-flex\">\n<div class=\"wp-block-button\"><a class=\"wp-block-button__link has-neve-link-color-color has-custom-1-background-color has-text-color has-background has-link-color wp-element-button\" style=\"border-style:none;border-width:0px;border-top-left-radius:50px;border-top-right-radius:50px;border-bottom-left-radius:50px;border-bottom-right-radius:50px\">Projektleitung<\/a><\/div>\n\n\n\n<div class=\"wp-block-button\"><a class=\"wp-block-button__link has-neve-link-color-color has-custom-1-background-color has-text-color has-background has-link-color wp-element-button\" style=\"border-style:none;border-width:0px;border-top-left-radius:50px;border-top-right-radius:50px;border-bottom-left-radius:50px;border-bottom-right-radius:50px\">Wissensmanagement<\/a><\/div>\n<\/div>\n<\/div>\n<\/div><\/div>\n\n\n\n<div style=\"height:50px\" aria-hidden=\"true\" class=\"wp-block-spacer\"><\/div>\n\n\n\n<hr class=\"wp-block-separator has-text-color has-neve-link-color-color has-alpha-channel-opacity has-neve-link-color-background-color has-background\"\/>\n\n\n\n<div style=\"height:50px\" aria-hidden=\"true\" class=\"wp-block-spacer\"><\/div>\n\n\n\n<div id=\"wp-block-themeisle-blocks-advanced-columns-973418b6\" class=\"wp-block-themeisle-blocks-advanced-columns has-3-columns has-desktop-equal-layout has-tablet-equal-layout has-mobile-collapsedRows-layout has-vertical-unset\"><div class=\"wp-block-themeisle-blocks-advanced-columns-overlay\"><\/div><div class=\"innerblocks-wrap\">\n<div id=\"wp-block-themeisle-blocks-advanced-column-a55a82df\" class=\"wp-block-themeisle-blocks-advanced-column\">\n<h3 class=\"wp-block-heading has-neve-link-color-color has-text-color has-link-color wp-elements-38a2e1475c159a8c23ba9a0c5fc9bcb5\" id=\"energie\">Energie<\/h3>\n\n\n\n<p>Der Energiesektor verlangt nach einem doppelten Ansatz: harte Ingenieurskunst und gesellschaftliche Akzeptanz. Datastorms unterst\u00fctzt die Realisierung komplexer Anlagen wie Wind- und Solarparks, bietet aber auch die einzigartige L\u00f6sung f\u00fcr Partizipation. \u00dcber intelligente Portale automatisieren wir die Verwaltung von Verg\u00fctungen und bieten Teilnehmern direkte Einblicke. So bedienen Sie beide Seiten des Sektors von einer einzigen zuverl\u00e4ssigen Plattform aus.<\/p>\n\n\n\n<div class=\"wp-block-buttons niet-klikbaar ticss-9d2f6630 is-layout-flex wp-block-buttons-is-layout-flex\">\n<div class=\"wp-block-button\"><a class=\"wp-block-button__link has-neve-link-color-color has-custom-1-background-color has-text-color has-background has-link-color wp-element-button\" style=\"border-style:none;border-width:0px;border-top-left-radius:50px;border-top-right-radius:50px;border-bottom-left-radius:50px;border-bottom-right-radius:50px\">Projektleitung<\/a><\/div>\n\n\n\n<div class=\"wp-block-button\"><a class=\"wp-block-button__link has-neve-link-color-color has-custom-1-background-color has-text-color has-background has-link-color wp-element-button\" style=\"border-style:none;border-width:0px;border-top-left-radius:50px;border-top-right-radius:50px;border-bottom-left-radius:50px;border-bottom-right-radius:50px\">Genehmigungsmanagement<\/a><\/div>\n<\/div>\n<\/div>\n\n\n\n<div id=\"wp-block-themeisle-blocks-advanced-column-69d7f135\" class=\"wp-block-themeisle-blocks-advanced-column\">\n<div style=\"height:100px\" aria-hidden=\"true\" class=\"wp-block-spacer\"><\/div>\n<\/div>\n\n\n\n<div id=\"wp-block-themeisle-blocks-advanced-column-a6f6ef34\" class=\"wp-block-themeisle-blocks-advanced-column\">\n<div class=\"wp-block-cover is-light\" style=\"border-top-left-radius:25px;border-top-right-radius:25px;border-bottom-left-radius:25px;border-bottom-right-radius:25px;padding-top:0;padding-right:0;padding-bottom:0;padding-left:0;min-height:322px;aspect-ratio:unset;\"><span aria-hidden=\"true\" class=\"wp-block-cover__background has-background-dim has-background-gradient has-midnight-gradient-background\"><\/span><div class=\"wp-block-cover__inner-container is-layout-constrained wp-container-core-cover-is-layout-c6b4b7cd wp-block-cover-is-layout-constrained\"><div class=\"wp-block-image\">\n<figure class=\"aligncenter size-full is-resized\"><img loading=\"lazy\" decoding=\"async\" width=\"65\" height=\"65\" src=\"https:\/\/datastorms.eu\/wp-content\/uploads\/2026\/05\/Frame-15.png\" alt=\"\" class=\"wp-image-1615\" style=\"width:100px\" srcset=\"https:\/\/datastorms.eu\/wp-content\/uploads\/2026\/05\/Frame-15.png 65w, https:\/\/datastorms.eu\/wp-content\/uploads\/2026\/05\/Frame-15-12x12.png 12w\" sizes=\"auto, (max-width: 65px) 100vw, 65px\" \/><\/figure>\n<\/div><\/div><\/div>\n<\/div>\n<\/div><\/div>\n\n\n\n<div style=\"height:100px\" aria-hidden=\"true\" class=\"wp-block-spacer\"><\/div>","protected":false},"excerpt":{"rendered":"","protected":false},"author":1,"featured_media":1320,"parent":0,"menu_order":0,"comment_status":"closed","ping_status":"closed","template":"","meta":{"neve_meta_sidebar":"","neve_meta_container":"","neve_meta_enable_content_width":"","neve_meta_content_width":0,"neve_meta_title_alignment":"","neve_meta_author_avatar":"","neve_post_elements_order":"","neve_meta_disable_header":"","neve_meta_disable_footer":"","neve_meta_disable_title":"","neve_meta_reading_time":"","_themeisle_gutenberg_block_has_review":false,"footnotes":""},"class_list":["post-1616","page","type-page","status-publish","has-post-thumbnail","hentry"],"_links":{"self":[{"href":"https:\/\/datastorms.eu\/de\/wp-json\/wp\/v2\/pages\/1616","targetHints":{"allow":["GET"]}}],"collection":[{"href":"https:\/\/datastorms.eu\/de\/wp-json\/wp\/v2\/pages"}],"about":[{"href":"https:\/\/datastorms.eu\/de\/wp-json\/wp\/v2\/types\/page"}],"author":[{"embeddable":true,"href":"https:\/\/datastorms.eu\/de\/wp-json\/wp\/v2\/users\/1"}],"replies":[{"embeddable":true,"href":"https:\/\/datastorms.eu\/de\/wp-json\/wp\/v2\/comments?post=1616"}],"version-history":[{"count":38,"href":"https:\/\/datastorms.eu\/de\/wp-json\/wp\/v2\/pages\/1616\/revisions"}],"predecessor-version":[{"id":1679,"href":"https:\/\/datastorms.eu\/de\/wp-json\/wp\/v2\/pages\/1616\/revisions\/1679"}],"wp:featuredmedia":[{"embeddable":true,"href":"https:\/\/datastorms.eu\/de\/wp-json\/wp\/v2\/media\/1320"}],"wp:attachment":[{"href":"https:\/\/datastorms.eu\/de\/wp-json\/wp\/v2\/media?parent=1616"}],"curies":[{"name":"wp","href":"https:\/\/api.w.org\/{rel}","templated":true}]}}