{"id":24,"date":"2021-12-28T21:52:31","date_gmt":"2021-12-28T20:52:31","guid":{"rendered":"http:\/\/datastorms.eu\/?page_id=24"},"modified":"2023-10-04T21:44:51","modified_gmt":"2023-10-04T19:44:51","slug":"about","status":"publish","type":"page","link":"https:\/\/datastorms.eu\/de\/about\/","title":{"rendered":"ANWENDUNG"},"content":{"rendered":"<p>Betreten Sie die neue Welt der Softwareentwicklung mit unserer Low-Code-Anwendung, die auf einer semantischen Datenbank basiert: Datastorms.<\/p>\n\n\n\n<p>Unsere Low-Code-Anwendung mit einer semantischen Datenbank gibt Ihnen die M\u00f6glichkeit, komplexe Systeme mit einfachen Klicks und Logik zu erstellen. Entdecken Sie die Revolution der effizienten, flexiblen und intelligenten Anwendungsentwicklung, bei der Ihre Ideen ohne Einschr\u00e4nkungen zum Leben erweckt werden. Es ist Zeit f\u00fcr Innovation, es ist Zeit f\u00fcr die Zukunft, es ist Zeit f\u00fcr unsere Low-Code-Anwendung mit semantischer Datenbank. <\/p>\n\n\n\n<p>Datastorms ist nicht \u00fcber Nacht entstanden. Es ist das Ergebnis jahrelanger Erfahrung und tiefgreifender Kenntnisse im Bereich Systemtechnik und Informationsmanagement in verschiedenen Branchen. Unser Team hat die Herausforderungen, mit denen Unternehmen bei der Verwaltung und Optimierung komplexer Systeme und Informationsressourcen konfrontiert sind, pers\u00f6nlich erlebt. Diese Erfahrung hat uns dazu inspiriert, eine innovative L\u00f6sung zu entwickeln, die die Leistungsf\u00e4higkeit von Low-Code mit der Intelligenz einer semantischen Datenbank kombiniert. Dies ist der n\u00e4chste Schritt in der Evolution der Softwareentwicklung, geboren aus den realen Bed\u00fcrfnissen von Fachleuten wie Ihnen.<\/p>\n\n\n\n<p>Was sind die Vorteile von Datastorms?<\/p>\n\n\n\n<ol class=\"wp-block-list\">\n<li><strong>Leistungsstarke Effizienz:<\/strong> Datastorms bietet eine leistungsstarke Low-Code-L\u00f6sung, die es Ihnen erm\u00f6glicht, komplexe Anwendungen schnell und effizient ohne umfangreiche Programmierkenntnisse zu erstellen.<\/li>\n\n\n\n<li><strong>Intelligente semantische Datenbank:<\/strong> Unsere semantische Datenbank reichert Ihre Daten mit Bedeutung an, so dass Sie tiefe Einblicke gewinnen und intelligentere Entscheidungen treffen k\u00f6nnen.<\/li>\n\n\n\n<li><strong>Branchenspezifisches Fachwissen:<\/strong> Dank unserer langj\u00e4hrigen Erfahrung in verschiedenen Branchen verstehen wir Ihre einzigartigen Herausforderungen und bieten ma\u00dfgeschneiderte L\u00f6sungen f\u00fcr Ihre Bed\u00fcrfnisse.<\/li>\n\n\n\n<li><strong>Skalierbarkeit und Flexibilit\u00e4t:<\/strong> Unsere Anwendungen sind skalierbar und anpassbar, so dass sie mit Ihrem Unternehmen wachsen und sich weiterentwickeln k\u00f6nnen.<\/li>\n\n\n\n<li><strong>Innovation ohne Grenzen:<\/strong> Datastorms erm\u00f6glicht es Ihnen, grenzenlos zu innovieren und neue M\u00f6glichkeiten in der Welt der Anwendungsentwicklung zu entdecken.<\/li>\n<\/ol>\n\n\n\n<p><strong>Erschwingliche Preisgestaltung:<\/strong> Wir bei Datastorms wissen, dass das Budget ein wichtiger Faktor ist. Deshalb bieten wir skalierbare Lizenzierungsoptionen, die perfekt zu Ihren Bed\u00fcrfnissen und finanziellen M\u00f6glichkeiten passen. Unsere wettbewerbsf\u00e4hige Preisgestaltung stellt sicher, dass Sie ein gutes Preis-Leistungs-Verh\u00e4ltnis erhalten, ohne Kompromisse bei Qualit\u00e4t und Funktionalit\u00e4t eingehen zu m\u00fcssen. Wir sind bestrebt, Ihrem Unternehmen zu helfen, zu wachsen, ohne Ihr Budget zu belasten.<\/p>\n\n\n\n<p class=\"ticss-3f339afb\"><\/p>","protected":false},"excerpt":{"rendered":"<p>Stap binnen in de nieuwe wereld van softwareontwikkeling met onze low-code applicatie, aangedreven door een semantische database: Datastorms. Onze low-code applicatie met een semantische database biedt u de kracht om complexe systemen te cre\u00ebren met eenvoudige klikken en logica. Ontdek de revolutie van effici\u00ebnte, flexibele en intelligente applicatieontwikkeling, waarin uw idee\u00ebn tot leven komen zonder&hellip;&nbsp;<a href=\"https:\/\/datastorms.eu\/de\/about\/\" rel=\"bookmark\">Weiterlesen \u00bb<span class=\"screen-reader-text\">ANWENDUNG<\/span><\/a><\/p>","protected":false},"author":1,"featured_media":473,"parent":0,"menu_order":0,"comment_status":"closed","ping_status":"closed","template":"","meta":{"neve_meta_sidebar":"","neve_meta_container":"default","neve_meta_enable_content_width":"","neve_meta_content_width":0,"neve_meta_title_alignment":"","neve_meta_author_avatar":"","neve_post_elements_order":"","neve_meta_disable_header":"","neve_meta_disable_footer":"","neve_meta_disable_title":"","neve_meta_reading_time":"","_themeisle_gutenberg_block_has_review":false,"footnotes":""},"class_list":["post-24","page","type-page","status-publish","has-post-thumbnail","hentry"],"_links":{"self":[{"href":"https:\/\/datastorms.eu\/de\/wp-json\/wp\/v2\/pages\/24","targetHints":{"allow":["GET"]}}],"collection":[{"href":"https:\/\/datastorms.eu\/de\/wp-json\/wp\/v2\/pages"}],"about":[{"href":"https:\/\/datastorms.eu\/de\/wp-json\/wp\/v2\/types\/page"}],"author":[{"embeddable":true,"href":"https:\/\/datastorms.eu\/de\/wp-json\/wp\/v2\/users\/1"}],"replies":[{"embeddable":true,"href":"https:\/\/datastorms.eu\/de\/wp-json\/wp\/v2\/comments?post=24"}],"version-history":[{"count":9,"href":"https:\/\/datastorms.eu\/de\/wp-json\/wp\/v2\/pages\/24\/revisions"}],"predecessor-version":[{"id":426,"href":"https:\/\/datastorms.eu\/de\/wp-json\/wp\/v2\/pages\/24\/revisions\/426"}],"wp:featuredmedia":[{"embeddable":true,"href":"https:\/\/datastorms.eu\/de\/wp-json\/wp\/v2\/media\/473"}],"wp:attachment":[{"href":"https:\/\/datastorms.eu\/de\/wp-json\/wp\/v2\/media?parent=24"}],"curies":[{"name":"wp","href":"https:\/\/api.w.org\/{rel}","templated":true}]}}