{"id":3,"date":"2021-12-28T19:32:03","date_gmt":"2021-12-28T19:32:03","guid":{"rendered":"http:\/\/datastorms.eu\/?page_id=3"},"modified":"2023-10-23T21:13:57","modified_gmt":"2023-10-23T19:13:57","slug":"privacy-policy","status":"publish","type":"page","link":"https:\/\/datastorms.eu\/de\/privacy-policy\/","title":{"rendered":"Datenschutz und Cookie-Erkl\u00e4rung"},"content":{"rendered":"<p><em>Diese Datenschutz- und Cookie-Erkl\u00e4rung wurde zuletzt ge\u00e4ndert am: 24-10-2023<\/em><\/p>\n\n\n\n<p>Ihre Privatsph\u00e4re ist f\u00fcr ContractControl von gro\u00dfer Bedeutung. Wir halten uns daher an die Allgemeine Datenschutzverordnung (AVG).&nbsp;<\/p>\n\n\n\n<p>Das bedeutet, dass wir:<\/p>\n\n\n\n<ul class=\"wp-block-list\">\n<li><strong>Klare Definition unserer Ziele<\/strong>&nbsp;bevor wir Ihre personenbezogenen Daten verarbeiten, durch diese Datenschutz- und Cookie-Erkl\u00e4rung;<\/li>\n\n\n\n<li><strong>So wenig pers\u00f6nliche Daten wie m\u00f6glich speichern<\/strong>&nbsp;und nur die f\u00fcr unsere Zwecke erforderlichen Daten;<\/li>\n\n\n\n<li><strong>Ausdr\u00fccklich um Erlaubnis bitten<\/strong>&nbsp;f\u00fcr die Verarbeitung Ihrer personenbezogenen Daten, falls eine Zustimmung erforderlich ist;<\/li>\n\n\n\n<li><strong>Ergreifen der erforderlichen Sicherheitsma\u00dfnahmen<\/strong>&nbsp;zum Schutz Ihrer personenbezogenen Daten. Wir erlegen diese Verpflichtungen auch den Parteien auf, die personenbezogene Daten f\u00fcr uns verarbeiten;<\/li>\n\n\n\n<li><strong>Wahrung Ihrer Rechte<\/strong>, wie das Recht auf Zugang, Berichtigung oder L\u00f6schung Ihrer bei uns verarbeiteten personenbezogenen Daten.<\/li>\n<\/ul>\n\n\n\n<p><strong>Verarbeitung personenbezogener Daten&nbsp;<\/strong><\/p>\n\n\n\n<p>In dieser Datenschutz- und Cookie-Erkl\u00e4rung erkl\u00e4ren wir, was wir bei unseren Diensten und auf unserer Webseite mit Informationen tun, die wir \u00fcber Sie erfahren. Wenn Sie einen unserer Dienste nutzen, erhalten wir verschiedene Arten von personenbezogenen Daten von Ihnen. F\u00fcr jedes Thema geben wir an, welche Daten wir von Ihnen erhalten und wie lange wir diese Daten aufbewahren, zu welchem Zweck und auf welcher Grundlage. Wenn Sie Fragen haben oder genau wissen m\u00f6chten, was wir von Ihnen aufbewahren, wenden Sie sich bitte an ContractControl unter Verwendung der Angaben am Ende dieser Erkl\u00e4rung.<\/p>\n\n\n\n<p><strong>Kontakt<\/strong><\/p>\n\n\n\n<p>Sie k\u00f6nnen ContractControl auf verschiedene Weise kontaktieren, n\u00e4mlich per Telefon, Post oder E-Mail. Zu diesem Zweck finden Sie die verschiedenen E-Mail-Adressen und Telefonnummern auf unserer Website. Wenn Sie mit uns Kontakt aufnehmen, werden wir (m\u00f6glicherweise) die folgenden personenbezogenen Daten verarbeiten:<\/p>\n\n\n\n<ul class=\"wp-block-list\">\n<li>Angaben zu Name und Anschrift;<\/li>\n\n\n\n<li>Name des Unternehmens (falls vorhanden);<\/li>\n\n\n\n<li>E-Mail Adresse;<\/li>\n\n\n\n<li>Rufnummer;<\/li>\n\n\n\n<li>Alle Informationen, die Sie selbst als Inhalt einer Nachricht oder eines Gespr\u00e4chs bereitstellen.<\/li>\n<\/ul>\n\n\n\n<p>Ihre E-Mail-Adresse wird nur f\u00fcr den angegebenen Zweck und\/oder im Rahmen einer abgeschlossenen Vereinbarung verwendet. Die E-Mail-Adresse wird weder f\u00fcr die \u00dcbermittlung unaufgeforderter Mitteilungen verwendet, noch wird sie Dritten zur Verf\u00fcgung gestellt, wenn Sie dazu nicht Ihre Zustimmung gegeben haben. Ihre Postanschrift verwenden wir nur f\u00fcr die Zusendung von Informationen, die Sie angefordert haben. Ihre Telefonnummer nutzen wir nicht f\u00fcr kommerzielle Zwecke. Wir ben\u00f6tigen diese Daten, um Ihre Kontaktanfrage zu bearbeiten, da Sie uns gebeten haben, Sie zu kontaktieren. Wir speichern diese Daten so lange, wie wir es f\u00fcr die Kontaktaufnahme mit Ihnen f\u00fcr notwendig erachten, damit wir sie bei eventuellen R\u00fcckfragen leicht wiederfinden k\u00f6nnen. Wenn die Kontaktaufnahme zu einem Vertrag f\u00fchrt, speichern wir diese Daten so lange, wie dieser Vertrag besteht.<\/p>\n\n\n\n<p><strong>Fotos auf unserer Website<\/strong><\/p>\n\n\n\n<p>Neben den Kontaktdaten der ContractControl-Mitarbeiter bieten wir auch Fotos von ihnen auf unserer Website an. Wir tun dies auf der Grundlage der ausdr\u00fccklichen vorherigen Zustimmung unserer Mitarbeiter. Sie sind sich bewusst, dass sie nicht verpflichtet sind, das Foto ver\u00f6ffentlichen zu lassen, und es daher keine negativen Folgen f\u00fcr sie hat, wenn sie dies ablehnen. Unsere Mitarbeiter haben das Recht, ihre Zustimmung jederzeit zu widerrufen. Wir verwenden diese Fotos so lange, bis sie ihre Relevanz verloren haben oder bis der Mitarbeiter seine Zustimmung zur\u00fcckgezogen hat. Danach wird das Foto sofort gel\u00f6scht.<\/p>\n\n\n\n<p><strong>Newsletter<\/strong>^<\/p>\n\n\n\n<p>Wir haben einen monatlichen Newsletter und Sie werden nur mit Ihrer Zustimmung in die Liste der Abonnenten aufgenommen. In dem Newsletter werden Sie die wichtigsten Neuigkeiten \u00fcber ContractControl lesen. Hierf\u00fcr verwenden wir Ihren Namen, Ihre E-Mail-Adresse und (eventuell) Ihren Firmennamen. Wir tun dies auf der Grundlage Ihrer Zustimmung. Wir speichern diese Informationen, bis Sie den Newsletter abbestellen. Sie k\u00f6nnen den Newsletter jederzeit wieder abbestellen. Jeder Newsletter enth\u00e4lt einen Abmeldelink.<\/p>\n\n\n\n<p><strong>Offenlegung gegen\u00fcber Dritten<\/strong><\/p>\n\n\n\n<p>Wir k\u00f6nnen Ihre pers\u00f6nlichen Daten an andere Unternehmen oder Institutionen weitergeben, weil:<\/p>\n\n\n\n<ul class=\"wp-block-list\">\n<li>Wir haben sie mit der Verarbeitung bestimmter Daten beauftragt;<\/li>\n\n\n\n<li>Das ist notwendig, um den Vertrag mit Ihnen zu erf\u00fcllen;<\/li>\n\n\n\n<li>Die ordnungsgem\u00e4\u00dfe Ausf\u00fchrung unserer Arbeit im Rahmen der bestehenden (Arbeits-)Beziehung;<\/li>\n\n\n\n<li>Sie stimmen dem zu;&nbsp;<\/li>\n\n\n\n<li>Die F\u00f6rderung unserer (gemeinsamen) Interessen (es sei denn, Ihr Interesse oder Ihre Grundrechte und -freiheiten \u00fcberwiegen dieses Interesse);<\/li>\n\n\n\n<li>Wir sind dazu gesetzlich verpflichtet (z. B. wenn die Polizei dies bei einem Verdacht auf eine Straftat verlangt).<\/li>\n<\/ul>\n\n\n\n<p>Die folgenden Dritten verarbeiten Ihre personenbezogenen Daten:<\/p>\n\n\n\n<ul class=\"wp-block-list\">\n<li>Unsere Cookie-Dienstleister (siehe unten);&nbsp;<\/li>\n\n\n\n<li>Unsere IT-Dienstleister;<\/li>\n\n\n\n<li>Unser Zahlungsdienstleister;<\/li>\n\n\n\n<li>Die externe Partei, die unsere Newsletters verschickt;<\/li>\n\n\n\n<li>Unsere Partner und Mittelsm\u00e4nner.<\/li>\n<\/ul>\n\n\n\n<p><strong>Cookies<\/strong><\/p>\n\n\n\n<p>Wir verwenden Cookies auf unseren Websites. Ein Cookie ist eine einfache kleine Datei, die mit den Seiten dieser Website verschickt und von Ihrem Browser auf der Festplatte Ihres Ger\u00e4ts gespeichert wird. Die darin gespeicherten Informationen k\u00f6nnen bei Ihrem n\u00e4chsten Besuch an unsere Server zur\u00fcckgeschickt werden. Wir setzen diese Cookies ein, um Ihre Erfahrung auf unserer Website zu verbessern. Die nachstehende \u00dcbersicht zeigt, welche Cookies wir setzen und zu welchen Zwecken sie gesetzt werden bzw. zu welchen Zwecken Dritte sie in unserem Namen setzen.<\/p>\n\n\n\n<figure class=\"wp-block-table\"><table><tbody><tr><td><strong>Cookie; Entit\u00e4ts-\/Garantiegeber-Placer<\/strong><\/td><td><strong>Typ<\/strong><\/td><td><strong>Ziel<\/strong><\/td><td><strong>Typ<\/strong><\/td><td><strong>Aufbewahrungsfrist<\/strong><\/td><\/tr><tr><td><strong>Google Analytics, wie zum Beispiel:<\/strong><br>_ga<br>_ga_#<br>_Loch<br>_gld<br><br><strong>Google LLC, Amerika<\/strong><br><strong>Google Doppelklick<\/strong><br><strong>LinkedIn, wie zum Beispiel:<\/strong><br>UserMatchHistory<br>AnalyticsSyncHistory<br>_guid<br>Bcookie<br>lidc<br>lms_ads<br>lms_analytik<\/td><td>Analytisch<\/td><td>Cookies werden eingesetzt, um das Verhalten der Besucher zu verstehen und die Benutzerfreundlichkeit auf der Grundlage dieser Informationen zu verbessern.<br><br><br><br><br><br>LinkedIn erm\u00f6glicht es Websites von Drittanbietern, einige seiner Dienste einzubinden, wie z. B. Insight Tag, Post Embeds, Apply with LinkedIn und Sign In with LinkedIn. Unsere Seite setzt diese Cookies.<br><br><br><br><br><br><br><br><\/td><td>Https-Cookie<\/td><td><br><br>Maximal 2 Jahre<br><br><br><br><br><br><br><br><br>30 Tage<br>30 Tage<br>90 Tage<br>1 Jahr<br>24 Stunden<br>30 Tage<br>30 Tage<br><br><\/td><\/tr><tr><td><strong>LinkedIn, wie zum Beispiel:<\/strong><strong><br><\/strong>LANG<br><br><br><br><br><br>li_alert&nbsp;&nbsp;&nbsp;<br><br><br><br><br><br>Li_rm<\/td><td>Pr\u00e4ferenzen&nbsp;<\/td><td><br>LinkedIn verwendet dieses Cookie, um sich die Spracheinstellung eines Nutzers zu merken, damit LinkedIn.com die Sprache anzeigt, die der Nutzer in seinen Einstellungen ausgew\u00e4hlt hat.<br>LinkedIn verwendet dieses Cookie, um die Aufrufe von LinkedIn-Benachrichtigungen, wie z. B. dem Cookie-Banner, zu verfolgen und um Abk\u00fchlungsperioden f\u00fcr die Anzeige von Benachrichtigungen einzuf\u00fchren.<br>LinkedIn verwendet dieses Cookie als Teil der LinkedIn-Funktion&nbsp;<em>Erinnern Sie sich an mich<\/em>&nbsp;und wird gesetzt, wenn ein Benutzer des Ger\u00e4ts die Taste&nbsp;<em>Erinnern Sie sich an mich<\/em>&nbsp;Klicks, um ihm oder ihr die Anmeldung an diesem Ger\u00e4t zu erleichtern.<\/td><td>Https-Cookie<\/td><td><br>Sitzung<br><br><br><br><br><br>1 Jahr<br><br><br><br><br><br>1 Jahr<\/td><\/tr><tr><td><strong>LinkedIn, wie zum Beispiel:<\/strong><strong><br><\/strong>li_at<br><br>Liap<br><br><br><br>li_mc<\/td><td>\u00dcberpr\u00fcfung<\/td><td><br>Linkedin verwendet dieses Cookie, um Mitglieder und API-Kunden zu authentifizieren.<br>LinkedIn verwendet dieses Cookie f\u00fcr Nicht-WWW-Domains, um den Anmeldestatus eines Mitglieds anzuzeigen.<br>LinkedIn verwendet dieses Cookie f\u00fcr einen tempor\u00e4ren Zwischenspeicher, um die Suche nach der Zustimmung der Mitglieder f\u00fcr die Verwendung nicht notwendiger Cookies zu verhindern, und um clientseitige Zustimmungsdaten abzurufen, um die clientseitige Zustimmung durchzusetzen.<\/td><td><\/td><td><br>1 Jahr<br><br>1 Jahr<br><br><br><br>6 Monate<\/td><\/tr><tr><td><strong>LinkedIn, einschlie\u00dflich:<\/strong><strong><br><\/strong>JSESSIONID<br><br><br>bscookie<\/td><td>Sicherheit<\/td><td><br>LinkedIn verwendet dieses Cookie zum Schutz vor: Cross Site Request Forgery (CSRF).<br>LinkedIn verwendet dieses Cookie, um sich daran zu erinnern, dass ein eingeloggter Benutzer durch eine zweiteilige Verifizierung verifiziert wurde.<\/td><td>Https-Cookie<\/td><td><br>Sitzung<br><br><br>1 Jahr<\/td><\/tr><tr><td><strong>Sonstiges:<\/strong><br><strong>Erstanbieter-Cookies mit rein funktionalen Zwecken, wie z. B.:&nbsp;<\/strong><br>datastorms.eu<br>LinkedIn<br>bscookie<br>LI_GC<br>Cookie-Test<\/td><td>Funktionell<\/td><td>Cookies, die notwendige Funktionen der Website erm\u00f6glichen, z. B. das Laden und Anzeigen von Schriftarten. Erm\u00f6glicht die Anzeige und den Betrieb des Cookie-Banners.<\/td><td>Https-Cookie<\/td><td>Maximal 2 Jahre<\/td><\/tr><\/tbody><\/table><\/figure>\n\n\n\n<p>Wenn Sie unsere Website zum ersten Mal besuchen, erscheint eine Meldung, in der wir Ihnen die Verwendung von Cookies erkl\u00e4ren. Hier werden wir, soweit wir dazu verpflichtet sind, um Ihre Zustimmung zur Verwendung von Cookies bitten.<\/p>\n\n\n\n<p>Wir haben Vereinbarungen mit anderen Unternehmen getroffen, die Cookies setzen. Dennoch haben wir keine vollst\u00e4ndige Kontrolle dar\u00fcber, was sie selbst mit den Cookies machen. Bitte lesen Sie daher auch deren Datenschutzerkl\u00e4rungen.<\/p>\n\n\n\n<p><strong>Cookies ein- und ausschalten<\/strong><\/p>\n\n\n\n<p>Sie k\u00f6nnen das Setzen von Cookies \u00fcber Ihren Browser deaktivieren, aber einige Funktionen unserer Website funktionieren dann m\u00f6glicherweise nicht mehr richtig. Weitere Informationen zum Aktivieren, Deaktivieren und L\u00f6schen von Cookies finden Sie in der Anleitung und\/oder \u00fcber die Hilfefunktion Ihres Browsers.<\/p>\n\n\n\n<p><strong>Sicherheit<\/strong><\/p>\n\n\n\n<p>Die Sicherheit Ihrer pers\u00f6nlichen Daten ist uns sehr wichtig. Wir sorgen daf\u00fcr, dass Ihre Daten bei uns gut gesichert sind. Wir aktualisieren die Sicherheit st\u00e4ndig und achten genau darauf, was alles schief gehen kann. Sicherheitskriterien:<\/p>\n\n\n\n<ul class=\"wp-block-list\">\n<li>Die von Ihnen zur Verf\u00fcgung gestellten personenbezogenen Daten werden in einer sicheren Netzwerkumgebung gespeichert;<\/li>\n\n\n\n<li>Zugriff darauf haben nur autorisierte Personen, die einen Anmeldenamen, ein Passwort und ein 2FA-Token verwenden;<\/li>\n\n\n\n<li>Wir speichern so wenig Daten unserer Beziehungen wie m\u00f6glich und stellen sicher, dass \u00fcberhaupt keine besonders sensiblen pers\u00f6nlichen Daten in unserer Datenbank gespeichert werden, es sei denn, es gibt keine andere M\u00f6glichkeit;<\/li>\n\n\n\n<li>Die \u00dcbermittlung personenbezogener Daten per E-Mail erfolgt \u00fcber eine sichere Verbindung.&nbsp;<\/li>\n<\/ul>\n\n\n\n<p>Wir treffen technische und organisatorische Ma\u00dfnahmen, um Datenverlust oder unrechtm\u00e4\u00dfige Verarbeitung zu verhindern. Wir gew\u00e4hrleisten ein im Rahmen unserer M\u00f6glichkeiten angemessenes Sicherheitsniveau und f\u00fchren in diesem Zusammenhang j\u00e4hrlich eine Risikoanalyse durch, auf deren Grundlage wir Ma\u00dfnahmen ergreifen.<\/p>\n\n\n\n<p><strong>\u00c4nderungen an dieser Erkl\u00e4rung zum Datenschutz und zu Cookies<\/strong><\/p>\n\n\n\n<p>Wann immer sich eine unserer Websites und\/oder Dienstleistungen \u00e4ndert, m\u00fcssen wir nat\u00fcrlich auch die Datenschutz- und Cookie-Erkl\u00e4rung aktualisieren. Achten Sie also immer auf das obige Datum und schauen Sie regelm\u00e4\u00dfig nach neuen Versionen.&nbsp;<\/p>\n\n\n\n<p><strong>Ihre Rechte<\/strong><\/p>\n\n\n\n<p>Wenn Sie Fragen haben oder wissen m\u00f6chten, welche personenbezogenen Daten wir \u00fcber Sie gespeichert haben, k\u00f6nnen Sie sich jederzeit an uns wenden. Bitte beachten Sie die nachstehenden Kontaktdaten.<\/p>\n\n\n\n<p>Sie haben die folgenden Rechte:<\/p>\n\n\n\n<ul class=\"wp-block-list\">\n<li><strong>Recht auf Einsichtnahme<\/strong>: Sie haben das Recht, die von uns verarbeiteten personenbezogenen Daten einzusehen.<\/li>\n\n\n\n<li><strong>Recht auf Berichtigung<\/strong>: Sie haben das Recht, die von uns \u00fcber Sie verarbeiteten personenbezogenen Daten zu berichtigen oder zu erg\u00e4nzen, wenn diese unrichtig oder unvollst\u00e4ndig sind.<\/li>\n\n\n\n<li><strong>Recht auf Widerruf Ihrer Zustimmung<\/strong>: Sie k\u00f6nnen Ihre Einwilligung jederzeit problemlos widerrufen.&nbsp;<\/li>\n\n\n\n<li><strong>Recht auf Einspruch<\/strong>: Sie k\u00f6nnen der Verarbeitung Ihrer personenbezogenen Daten widersprechen.<\/li>\n\n\n\n<li><strong>Recht auf Entfernung<\/strong>: Sie k\u00f6nnen uns auffordern, Ihre personenbezogenen Daten zu l\u00f6schen.<\/li>\n\n\n\n<li><strong>Recht auf \u00dcbertragbarkeit<\/strong>&nbsp;<strong>von Daten:<\/strong>&nbsp;wenn es technisch m\u00f6glich ist, haben Sie das Recht, dass die von uns verarbeiteten personenbezogenen Daten an einen Dritten \u00fcbermittelt werden.<\/li>\n\n\n\n<li><strong>Recht auf Einschr\u00e4nkung der Verarbeitung<\/strong>: In einigen F\u00e4llen k\u00f6nnen Sie verlangen, dass wir die Verarbeitung Ihrer personenbezogenen Daten (vor\u00fcbergehend oder anderweitig) einschr\u00e4nken, was bedeutet, dass wir weniger Ihrer Daten verarbeiten.<\/li>\n<\/ul>\n\n\n\n<p>Mit Ihrer Anfrage k\u00f6nnen wir Sie auffordern, sich zu identifizieren. Zu diesem Zweck bitten wir um Informationen, um sicherzustellen, dass Sie die richtige Person sind, zu der die personenbezogenen Daten geh\u00f6ren. Je nach den Informationen, die wir \u00fcber Sie haben, k\u00f6nnen wir Sie bitten, einen g\u00fcltigen Identit\u00e4tsnachweis beizuf\u00fcgen. Es ist wichtig, dass Sie dabei Ihre BSN und Ihr Passfoto sch\u00fctzen.<\/p>\n\n\n\n<p>Wir werden Ihrem Antrag grunds\u00e4tzlich innerhalb von 30 Tagen nachkommen. Diese Frist kann jedoch aus Gr\u00fcnden im Zusammenhang mit den besonderen Rechten der betroffenen Personen oder der Komplexit\u00e4t des Antrags verl\u00e4ngert werden. Wenn wir diese Frist verl\u00e4ngern, werden wir Sie rechtzeitig informieren.<\/p>\n\n\n\n<p><strong>Einreichung einer Beschwerde<\/strong><\/p>\n\n\n\n<p>Wenn Sie das Gef\u00fchl haben, dass wir Ihnen nicht in der richtigen Weise helfen, haben Sie das Recht, eine Beschwerde bei der Datenschutzbeh\u00f6rde einzureichen. In den Niederlanden ist dies die&nbsp;<a href=\"https:\/\/autoriteitpersoonsgegevens.nl\/nl\/zelf-doen\/privacyrechten\/klacht-indienen-bij-de-ap\">Beh\u00f6rde f\u00fcr personenbezogene Daten<\/a>.<\/p>\n\n\n\n<p><strong>Kontakt und Unternehmensangaben&nbsp;<\/strong><\/p>\n\n\n\n<p>ContractControl B.V.<br>Website: https:\/\/datastorms.eu\/<br>E-Mail-Adresse: info@contractcontrol.eu<br>Rufnummer: 079 30 20 000<br>Registrierungsnummer der Handelskammer: 70581819<br>Umsatzsteuer-Identifikationsnummer: NL858382702B01<\/p>","protected":false},"excerpt":{"rendered":"<p>Deze privacy- en cookieverklaring is voor het laatst gewijzigd op: 24-10-2023 Uw privacy is voor ContractControl, van groot belang. Wij houden ons dan ook aan de Algemene Verordening Gegevensbescherming (AVG).&nbsp; Dit betekent dat wij: Verwerking persoonsgegevens&nbsp; In deze privacy- en cookieverklaring leggen we uit wat we bij onze diensten en onze webpagina doen met informatie&hellip;&nbsp;<a href=\"https:\/\/datastorms.eu\/de\/privacy-policy\/\" rel=\"bookmark\">Weiterlesen \u00bb<span class=\"screen-reader-text\">Datenschutz und Cookie-Erkl\u00e4rung<\/span><\/a><\/p>","protected":false},"author":1,"featured_media":0,"parent":0,"menu_order":0,"comment_status":"closed","ping_status":"open","template":"","meta":{"neve_meta_sidebar":"","neve_meta_container":"","neve_meta_enable_content_width":"","neve_meta_content_width":0,"neve_meta_title_alignment":"","neve_meta_author_avatar":"","neve_post_elements_order":"","neve_meta_disable_header":"","neve_meta_disable_footer":"","neve_meta_disable_title":"","neve_meta_reading_time":"","_themeisle_gutenberg_block_has_review":false,"footnotes":""},"class_list":["post-3","page","type-page","status-publish","hentry"],"_links":{"self":[{"href":"https:\/\/datastorms.eu\/de\/wp-json\/wp\/v2\/pages\/3","targetHints":{"allow":["GET"]}}],"collection":[{"href":"https:\/\/datastorms.eu\/de\/wp-json\/wp\/v2\/pages"}],"about":[{"href":"https:\/\/datastorms.eu\/de\/wp-json\/wp\/v2\/types\/page"}],"author":[{"embeddable":true,"href":"https:\/\/datastorms.eu\/de\/wp-json\/wp\/v2\/users\/1"}],"replies":[{"embeddable":true,"href":"https:\/\/datastorms.eu\/de\/wp-json\/wp\/v2\/comments?post=3"}],"version-history":[{"count":4,"href":"https:\/\/datastorms.eu\/de\/wp-json\/wp\/v2\/pages\/3\/revisions"}],"predecessor-version":[{"id":494,"href":"https:\/\/datastorms.eu\/de\/wp-json\/wp\/v2\/pages\/3\/revisions\/494"}],"wp:attachment":[{"href":"https:\/\/datastorms.eu\/de\/wp-json\/wp\/v2\/media?parent=3"}],"curies":[{"name":"wp","href":"https:\/\/api.w.org\/{rel}","templated":true}]}}