{"id":461,"date":"2023-10-04T21:26:44","date_gmt":"2023-10-04T19:26:44","guid":{"rendered":"https:\/\/datastorms.eu\/?page_id=461"},"modified":"2023-10-04T21:35:15","modified_gmt":"2023-10-04T19:35:15","slug":"integratiemogelijkheden","status":"publish","type":"page","link":"https:\/\/datastorms.eu\/de\/integratiemogelijkheden\/","title":{"rendered":"M\u00f6glichkeiten der Integration"},"content":{"rendered":"<p>Unsere Anwendung steht nicht f\u00fcr sich allein, sondern f\u00fcgt sich nahtlos in ein \u00d6kosystem von Anwendungen ein. Wir sind davon \u00fcberzeugt, dass Zusammenarbeit und Interoperabilit\u00e4t f\u00fcr moderne Software unerl\u00e4sslich sind. Deshalb haben wir daran gearbeitet, unsere Anwendung mit den aktuellen Standards und Protokollen kompatibel zu machen, damit sie m\u00fchelos mit anderer Software zusammenarbeiten kann.<\/p>\n\n\n\n<h2 class=\"wp-block-heading\">Datenmodell auf der Grundlage von UML-Definitionen<\/h2>\n\n\n\n<p>Unser Datenmodell ist nach den neuesten Erkenntnissen der Softwareentwicklung konzipiert. Es basiert auf den Prinzipien der UML (Unified Modelling Language) und erm\u00f6glicht es, komplexe Strukturen und Beziehungen zwischen Daten auf standardisierte Weise zu definieren. Dies gibt Ihnen die Flexibilit\u00e4t, Ihre Daten auf intuitive und verst\u00e4ndliche Weise zu modellieren.<\/p>\n\n\n\n<h2 class=\"wp-block-heading\">Unterst\u00fctzung f\u00fcr MBSE<\/h2>\n\n\n\n<p>Wir wissen um den Wert des Model-Based Systems Engineering (MBSE) in komplexen Projekten und bieten umfassende Unterst\u00fctzung f\u00fcr diesen Ansatz. Mit unserer Anwendung k\u00f6nnen Sie Ihre Systemmodelle in einer Weise erstellen und verwalten, die den h\u00f6chsten MBSE-Standards entspricht. Mit unseren integrierten Tools k\u00f6nnen Sie Ihr Systemdesign optimieren und Ihre Projekte effizienter verwalten.<\/p>\n\n\n<div class=\"wp-block-image\">\n<figure class=\"alignright size-full is-resized\"><img loading=\"lazy\" decoding=\"async\" src=\"https:\/\/datastorms.eu\/wp-content\/uploads\/2023\/10\/network.png\" alt=\"\" class=\"wp-image-462\" style=\"width:288px;height:288px\" width=\"288\" height=\"288\" srcset=\"https:\/\/datastorms.eu\/wp-content\/uploads\/2023\/10\/network.png 512w, https:\/\/datastorms.eu\/wp-content\/uploads\/2023\/10\/network-300x300.png 300w, https:\/\/datastorms.eu\/wp-content\/uploads\/2023\/10\/network-150x150.png 150w\" sizes=\"auto, (max-width: 288px) 100vw, 288px\" \/><\/figure>\n<\/div>\n\n\n<h2 class=\"wp-block-heading\">Nahtlose Integration<\/h2>\n\n\n\n<p>Unsere Anwendung wurde im Hinblick auf Interoperabilit\u00e4t entwickelt. Ganz gleich, ob Sie Daten mit anderen Anwendungen austauschen, Systeme verkn\u00fcpfen oder fortschrittliche Arbeitsabl\u00e4ufe implementieren m\u00f6chten, unsere Integrationsfunktionen machen es m\u00f6glich. Wir bieten APIs, Webhooks und andere Mechanismen zur Integration Ihrer Anwendung in Ihre bestehende IT-Umgebung.<\/p>\n\n\n\n<h2 class=\"wp-block-heading\">Arbeiten mit vertrauensw\u00fcrdigen Standards<\/h2>\n\n\n\n<p>Bei der Entwicklung unserer Anwendung haben wir stets die neuesten Standards und Protokolle ber\u00fccksichtigt. So k\u00f6nnen Sie mit der Gewissheit arbeiten, dass unsere Software nahtlos mit anderen Anwendungen zusammenarbeitet, die denselben Standards folgen. Dies reduziert Integrationsprobleme und macht Ihren Arbeitsablauf effizienter.<\/p>\n\n\n\n<p>Kurz gesagt, unsere Anwendung wurde mit Blick auf die Integration entwickelt. Wir m\u00f6chten Sie in die Lage versetzen, Ihr Software-\u00d6kosystem mit der Leistungsf\u00e4higkeit unserer Tools zu verbessern und zu bereichern. Nehmen Sie noch heute Kontakt mit uns auf, um mehr dar\u00fcber zu erfahren, wie sich unsere Anwendung nahtlos in Ihre IT-Umgebung integrieren l\u00e4sst und Ihre Projekte auf die n\u00e4chste Stufe hebt. Gemeinsam k\u00f6nnen wir Ihre Ziele erreichen.<\/p>","protected":false},"excerpt":{"rendered":"<p>Onze applicatie staat niet op zichzelf, maar integreert naadloos in een ecosysteem van applicaties. Wij geloven dat samenwerking en interoperabiliteit essentieel zijn voor moderne software, en daarom hebben we ons ingezet om onze applicatie compatibel te maken met actuele standaarden en protocollen, zodat het moeiteloos kan samenwerken met andere software. Datamodel gebaseerd op UML-definities Ons&hellip;&nbsp;<a href=\"https:\/\/datastorms.eu\/de\/integratiemogelijkheden\/\" rel=\"bookmark\">Weiterlesen \u00bb<span class=\"screen-reader-text\">M\u00f6glichkeiten der Integration<\/span><\/a><\/p>","protected":false},"author":1,"featured_media":470,"parent":0,"menu_order":0,"comment_status":"closed","ping_status":"closed","template":"","meta":{"neve_meta_sidebar":"","neve_meta_container":"","neve_meta_enable_content_width":"","neve_meta_content_width":0,"neve_meta_title_alignment":"","neve_meta_author_avatar":"","neve_post_elements_order":"","neve_meta_disable_header":"","neve_meta_disable_footer":"","neve_meta_disable_title":"","neve_meta_reading_time":"","_themeisle_gutenberg_block_has_review":false,"footnotes":""},"class_list":["post-461","page","type-page","status-publish","has-post-thumbnail","hentry"],"_links":{"self":[{"href":"https:\/\/datastorms.eu\/de\/wp-json\/wp\/v2\/pages\/461","targetHints":{"allow":["GET"]}}],"collection":[{"href":"https:\/\/datastorms.eu\/de\/wp-json\/wp\/v2\/pages"}],"about":[{"href":"https:\/\/datastorms.eu\/de\/wp-json\/wp\/v2\/types\/page"}],"author":[{"embeddable":true,"href":"https:\/\/datastorms.eu\/de\/wp-json\/wp\/v2\/users\/1"}],"replies":[{"embeddable":true,"href":"https:\/\/datastorms.eu\/de\/wp-json\/wp\/v2\/comments?post=461"}],"version-history":[{"count":1,"href":"https:\/\/datastorms.eu\/de\/wp-json\/wp\/v2\/pages\/461\/revisions"}],"predecessor-version":[{"id":463,"href":"https:\/\/datastorms.eu\/de\/wp-json\/wp\/v2\/pages\/461\/revisions\/463"}],"wp:featuredmedia":[{"embeddable":true,"href":"https:\/\/datastorms.eu\/de\/wp-json\/wp\/v2\/media\/470"}],"wp:attachment":[{"href":"https:\/\/datastorms.eu\/de\/wp-json\/wp\/v2\/media?parent=461"}],"curies":[{"name":"wp","href":"https:\/\/api.w.org\/{rel}","templated":true}]}}