{"id":477,"date":"2023-10-05T10:50:29","date_gmt":"2023-10-05T08:50:29","guid":{"rendered":"https:\/\/datastorms.eu\/?page_id=477"},"modified":"2023-10-05T10:50:31","modified_gmt":"2023-10-05T08:50:31","slug":"systems-engineering-2-0","status":"publish","type":"page","link":"https:\/\/datastorms.eu\/de\/systems-engineering-2-0\/","title":{"rendered":"Systemtechnik 2.0"},"content":{"rendered":"<p>Zweck des Systems Engineering 2.0 laut INCOSE: Die F\u00e4higkeit, Systeme zu schaffen, die sich kontinuierlich weiterentwickeln, um die Bed\u00fcrfnisse ihrer Kunden innerhalb der gesetzten Fristen zu erf\u00fcllen und dabei zuverl\u00e4ssig, kosteneffizient und nachhaltig zu sein.<\/p>\n\n\n\n<p>Wie wir das erreichen:<\/p>\n\n\n\n<ol class=\"wp-block-list\">\n<li>Entwicklung und Umsetzung von Methoden, Prozessen und Werkzeugen (MPTs) f\u00fcr Systems Engineering (SE), die f\u00fcr komplexe und nicht-deterministische Systeme relevant sind. Dies kann modellbasiertes Systems Engineering (MBSE) beinhalten, das die Verwendung von Modellen f\u00fcr den Entwurf, die Analyse und das Management von Systemen umfasst.<\/li>\n\n\n\n<li>Erwerb von Fachkenntnissen in der Entwicklung sich entwickelnder Systeme, z. B. architektonische Beispiele, die f\u00fcr bestimmte Bereiche geeignet sind.<\/li>\n\n\n\n<li>Sicherstellen, dass unsere Mitarbeiter in der Lage sind, diese SE-Methoden und -Werkzeuge auf die betreffenden Systeme anzuwenden, einschlie\u00dflich MBSE-Techniken.<\/li>\n\n\n\n<li>Wenden Sie den Systemansatz in einem breiten Spektrum von Disziplinen und Gr\u00f6\u00dfenordnungen an und nutzen Sie MBSE, um die Effizienz und Effektivit\u00e4t des Entwurfsprozesses zu verbessern.<\/li>\n<\/ol>\n\n\n\n<p>Dies erm\u00f6glicht uns die Entwicklung flexibler, zuverl\u00e4ssiger und nachhaltiger Systeme, die sich st\u00e4ndig weiterentwickeln k\u00f6nnen, um den Anforderungen unserer Kunden gerecht zu werden, w\u00e4hrend wir gleichzeitig die Vorteile des Model-Based Systems Engineering in unserem Entwicklungsprozess nutzen.<\/p>","protected":false},"excerpt":{"rendered":"<p>Doel van Systems Engineering 2.0, volgens INCOSE: Het vermogen om systemen te cre\u00ebren die voortdurend evolueren om te voldoen aan de behoeften van hun klanten, binnen de gestelde termijnen, terwijl ze betrouwbaar, kosteneffectief en duurzaam blijven. Hoe we dat bereiken: Dit stelt ons in staat om flexibele, betrouwbare en duurzame systemen te ontwikkelen die voortdurend&hellip;&nbsp;<a href=\"https:\/\/datastorms.eu\/de\/systems-engineering-2-0\/\" rel=\"bookmark\">Weiterlesen \u00bb<span class=\"screen-reader-text\">Systemtechnik 2.0<\/span><\/a><\/p>","protected":false},"author":1,"featured_media":480,"parent":0,"menu_order":0,"comment_status":"closed","ping_status":"closed","template":"","meta":{"neve_meta_sidebar":"","neve_meta_container":"","neve_meta_enable_content_width":"","neve_meta_content_width":0,"neve_meta_title_alignment":"","neve_meta_author_avatar":"","neve_post_elements_order":"","neve_meta_disable_header":"","neve_meta_disable_footer":"","neve_meta_disable_title":"","neve_meta_reading_time":"","_themeisle_gutenberg_block_has_review":false,"footnotes":""},"class_list":["post-477","page","type-page","status-publish","has-post-thumbnail","hentry"],"_links":{"self":[{"href":"https:\/\/datastorms.eu\/de\/wp-json\/wp\/v2\/pages\/477","targetHints":{"allow":["GET"]}}],"collection":[{"href":"https:\/\/datastorms.eu\/de\/wp-json\/wp\/v2\/pages"}],"about":[{"href":"https:\/\/datastorms.eu\/de\/wp-json\/wp\/v2\/types\/page"}],"author":[{"embeddable":true,"href":"https:\/\/datastorms.eu\/de\/wp-json\/wp\/v2\/users\/1"}],"replies":[{"embeddable":true,"href":"https:\/\/datastorms.eu\/de\/wp-json\/wp\/v2\/comments?post=477"}],"version-history":[{"count":2,"href":"https:\/\/datastorms.eu\/de\/wp-json\/wp\/v2\/pages\/477\/revisions"}],"predecessor-version":[{"id":479,"href":"https:\/\/datastorms.eu\/de\/wp-json\/wp\/v2\/pages\/477\/revisions\/479"}],"wp:featuredmedia":[{"embeddable":true,"href":"https:\/\/datastorms.eu\/de\/wp-json\/wp\/v2\/media\/480"}],"wp:attachment":[{"href":"https:\/\/datastorms.eu\/de\/wp-json\/wp\/v2\/media?parent=477"}],"curies":[{"name":"wp","href":"https:\/\/api.w.org\/{rel}","templated":true}]}}