{"id":578,"date":"2023-11-22T14:14:26","date_gmt":"2023-11-22T13:14:26","guid":{"rendered":"https:\/\/datastorms.eu\/?page_id=578"},"modified":"2025-04-09T11:19:56","modified_gmt":"2025-04-09T09:19:56","slug":"prijzen","status":"publish","type":"page","link":"https:\/\/datastorms.eu\/de\/prijzen\/","title":{"rendered":"Preise"},"content":{"rendered":"<p>Datastorms betreibt ein transparentes Preismodell f\u00fcr die Nutzung der Plattform pro Nutzer. <\/p>\n\n\n\n<p>Nachstehend finden Sie die monatlichen Lizenzpreise pro Benutzer f\u00fcr die Nutzung von Datastorms (mindestens 5 Benutzer):<\/p>\n\n\n\n<figure class=\"wp-block-table\"><table class=\"has-fixed-layout\"><tbody><tr><td class=\"has-text-align-left\" data-align=\"left\"><strong>Personal <\/strong><br><strong>von #-Benutzern<\/strong><\/td><td class=\"has-text-align-left\" data-align=\"left\"><strong>Preis <\/strong><br><strong>pro Benutzer<\/strong><\/td><td class=\"has-text-align-left\" data-align=\"left\"><strong>Minimum <\/strong><br><strong>monatlicher Betrag<\/strong><\/td><td><strong>Beinhaltet GBs Speicherplatz<\/strong><\/td><\/tr><tr><td class=\"has-text-align-left\" data-align=\"left\"><br>5<\/td><td class=\"has-text-align-left\" data-align=\"left\">\u20ac 85,00<\/td><td class=\"has-text-align-left\" data-align=\"left\">\u20ac 425,00<\/td><td>10<\/td><\/tr><tr><td class=\"has-text-align-left\" data-align=\"left\">10<\/td><td class=\"has-text-align-left\" data-align=\"left\">\u20ac 78,00<\/td><td class=\"has-text-align-left\" data-align=\"left\">\u20ac 780,00<\/td><td>20<\/td><\/tr><tr><td class=\"has-text-align-left\" data-align=\"left\">20<\/td><td class=\"has-text-align-left\" data-align=\"left\">\u20ac 71,00<\/td><td class=\"has-text-align-left\" data-align=\"left\">\u20ac 1420,00<\/td><td>40<\/td><\/tr><tr><td class=\"has-text-align-left\" data-align=\"left\">30<\/td><td class=\"has-text-align-left\" data-align=\"left\">\u20ac 65,00<\/td><td class=\"has-text-align-left\" data-align=\"left\">\u20ac 1950,00<\/td><td>50<\/td><\/tr><tr><td class=\"has-text-align-left\" data-align=\"left\">50<\/td><td class=\"has-text-align-left\" data-align=\"left\">\u20ac 60,00<\/td><td class=\"has-text-align-left\" data-align=\"left\">\u20ac 3000,00<\/td><td>75<\/td><\/tr><tr><td class=\"has-text-align-left\" data-align=\"left\">mehr als 100<\/td><td class=\"has-text-align-left\" data-align=\"left\"><a href=\"https:\/\/datastorms.eu\/de\/contact\/\" title=\"\">Nehmen Sie Kontakt mit uns auf!<\/a><\/td><td class=\"has-text-align-left\" data-align=\"left\"><\/td><td><\/td><\/tr><\/tbody><\/table><figcaption class=\"wp-element-caption\">M\u00f6glicher Aufpreis pro Monat f\u00fcr zus\u00e4tzliche Speicherkapazit\u00e4t: <br>1 TB = \u20ac350,00, 2 TB = \u20ac650,00 und 5 TB = \u20ac1500,00<br><\/figcaption><\/figure>\n\n\n\n<p>Wir bieten flexible und skalierbare L\u00f6sungen, die perfekt auf Ihre spezifischen Bed\u00fcrfnisse zugeschnitten sind. Mit den oben genannten Tarifen k\u00f6nnen Sie Datastorms ganz nach Ihren Bed\u00fcrfnissen einrichten, und bei Bedarf sind wir bereit, Sie dabei zu unterst\u00fctzen. <\/p>\n\n\n\n<p>Wir zeigen es Ihnen gerne in einer unverbindlichen Demo!<\/p>\n\n\n\n<p><strong><strong>Entdecken Sie unsere Implementierungs- und Migrationsvorschl\u00e4ge<\/strong><\/strong><br>Wir verstehen, dass der Wechsel zu einem neuen System eine wichtige Entscheidung ist. Wir sind \u00fcberzeugt, dass die Implementierung von Datastorms als Ersatz f\u00fcr ein anderes System enorme Vorteile bringt. <\/p>\n\n\n\n<p>Unsere Implementierungs- und Migrationsvorschl\u00e4ge sind sorgf\u00e4ltig konzipiert, um diesen \u00dcbergang reibungslos und wertvoll zu gestalten. Wir begleiten Ihre Organisation gerne durch diese Umstellung und unterst\u00fctzen Sie, soweit dies w\u00fcnschenswert ist. <\/p>\n\n\n\n<p>Erkundigen Sie sich nach unseren Beratungs- und Unterst\u00fctzungstarifen, wenn Sie auf diesem Weg Unterst\u00fctzung ben\u00f6tigen.<\/p>","protected":false},"excerpt":{"rendered":"<p>Datastorms hanteert een transparant prijsmodel voor het gebruik van het platform per gebruiker. Hieronder vind je de maandelijkse licentieprijzen per gebruiker voor het gebruik van Datastorms (minimaal 5 gebruikers): Staffel vanaf # gebruikers Prijs per gebruiker Minimaal bedrag per maand Inclusief GB&#8217;s opslag 5 \u20ac 85,00 \u20ac 425,00 10 10 \u20ac 78,00 \u20ac 780,00 20&hellip;&nbsp;<a href=\"https:\/\/datastorms.eu\/de\/prijzen\/\" rel=\"bookmark\">Weiterlesen \u00bb<span class=\"screen-reader-text\">Preise<\/span><\/a><\/p>","protected":false},"author":1,"featured_media":589,"parent":0,"menu_order":0,"comment_status":"closed","ping_status":"closed","template":"","meta":{"neve_meta_sidebar":"","neve_meta_container":"","neve_meta_enable_content_width":"","neve_meta_content_width":0,"neve_meta_title_alignment":"","neve_meta_author_avatar":"","neve_post_elements_order":"","neve_meta_disable_header":"","neve_meta_disable_footer":"","neve_meta_disable_title":"","neve_meta_reading_time":"","_themeisle_gutenberg_block_has_review":false,"footnotes":""},"class_list":["post-578","page","type-page","status-publish","has-post-thumbnail","hentry"],"_links":{"self":[{"href":"https:\/\/datastorms.eu\/de\/wp-json\/wp\/v2\/pages\/578","targetHints":{"allow":["GET"]}}],"collection":[{"href":"https:\/\/datastorms.eu\/de\/wp-json\/wp\/v2\/pages"}],"about":[{"href":"https:\/\/datastorms.eu\/de\/wp-json\/wp\/v2\/types\/page"}],"author":[{"embeddable":true,"href":"https:\/\/datastorms.eu\/de\/wp-json\/wp\/v2\/users\/1"}],"replies":[{"embeddable":true,"href":"https:\/\/datastorms.eu\/de\/wp-json\/wp\/v2\/comments?post=578"}],"version-history":[{"count":29,"href":"https:\/\/datastorms.eu\/de\/wp-json\/wp\/v2\/pages\/578\/revisions"}],"predecessor-version":[{"id":1168,"href":"https:\/\/datastorms.eu\/de\/wp-json\/wp\/v2\/pages\/578\/revisions\/1168"}],"wp:featuredmedia":[{"embeddable":true,"href":"https:\/\/datastorms.eu\/de\/wp-json\/wp\/v2\/media\/589"}],"wp:attachment":[{"href":"https:\/\/datastorms.eu\/de\/wp-json\/wp\/v2\/media?parent=578"}],"curies":[{"name":"wp","href":"https:\/\/api.w.org\/{rel}","templated":true}]}}