{"id":610,"date":"2024-01-24T15:22:23","date_gmt":"2024-01-24T14:22:23","guid":{"rendered":"https:\/\/datastorms.eu\/?page_id=610"},"modified":"2024-01-24T17:28:38","modified_gmt":"2024-01-24T16:28:38","slug":"se-sjabloon","status":"publish","type":"page","link":"https:\/\/datastorms.eu\/de\/se-sjabloon\/","title":{"rendered":"Vorlage f\u00fcr Systemtechnik"},"content":{"rendered":"<p><strong>Eine einfache und klare L\u00f6sung f\u00fcr die Zusammenarbeit bei Infrastrukturprojekten!<\/strong><\/p>\n\n\n\n<p>Wir wissen, vor welchen Herausforderungen Unternehmen stehen, wenn sie die ersten Schritte in Richtung Digitalisierung unternehmen. Deshalb haben wir eine Vorlage entwickelt, die speziell auf die strukturierte Zusammenarbeit bei Infrastrukturprojekten ausgerichtet ist. <\/p>\n\n\n\n<p>Die Zielgruppe f\u00fcr diese SE-Vorlage sind Teams, die nachweislich und ergebnisorientiert arbeiten wollen. Es beschreibt die Prozesse, die dazu beitragen. Wir unterst\u00fctzen bei der Erfassung, Strukturierung, Verarbeitung und Berichterstattung. <\/p>\n\n\n\n<figure class=\"wp-block-image size-large\"><img loading=\"lazy\" decoding=\"async\" width=\"1024\" height=\"560\" src=\"https:\/\/datastorms.eu\/wp-content\/uploads\/2024\/01\/Scherm\u00adafbeelding-2024-01-24-om-16.11.28-1024x560.png\" alt=\"\" class=\"wp-image-614\" srcset=\"https:\/\/datastorms.eu\/wp-content\/uploads\/2024\/01\/Scherm\u00adafbeelding-2024-01-24-om-16.11.28-1024x560.png 1024w, https:\/\/datastorms.eu\/wp-content\/uploads\/2024\/01\/Scherm\u00adafbeelding-2024-01-24-om-16.11.28-300x164.png 300w, https:\/\/datastorms.eu\/wp-content\/uploads\/2024\/01\/Scherm\u00adafbeelding-2024-01-24-om-16.11.28-768x420.png 768w, https:\/\/datastorms.eu\/wp-content\/uploads\/2024\/01\/Scherm\u00adafbeelding-2024-01-24-om-16.11.28-1536x840.png 1536w, https:\/\/datastorms.eu\/wp-content\/uploads\/2024\/01\/Scherm\u00adafbeelding-2024-01-24-om-16.11.28.png 1759w\" sizes=\"auto, (max-width: 1024px) 100vw, 1024px\" \/><\/figure>\n\n\n\n<p>Die Vorlage ist eine gute Grundlage f\u00fcr den Einstieg in die Systemtechnik. Wenn Sie fortgeschrittener sind und zum Beispiel bereits einen Projektmanagementplan haben, k\u00f6nnen Sie die Vorlage leicht mit Ihrer eigenen DNA anreichern.<\/p>\n\n\n\n<figure class=\"wp-block-image size-large\"><img loading=\"lazy\" decoding=\"async\" width=\"1024\" height=\"236\" src=\"https:\/\/datastorms.eu\/wp-content\/uploads\/2024\/01\/Scherm\u00adafbeelding-2024-01-24-om-16.19.16-1-1024x236.png\" alt=\"\" class=\"wp-image-618\" srcset=\"https:\/\/datastorms.eu\/wp-content\/uploads\/2024\/01\/Scherm\u00adafbeelding-2024-01-24-om-16.19.16-1-1024x236.png 1024w, https:\/\/datastorms.eu\/wp-content\/uploads\/2024\/01\/Scherm\u00adafbeelding-2024-01-24-om-16.19.16-1-300x69.png 300w, https:\/\/datastorms.eu\/wp-content\/uploads\/2024\/01\/Scherm\u00adafbeelding-2024-01-24-om-16.19.16-1-768x177.png 768w, https:\/\/datastorms.eu\/wp-content\/uploads\/2024\/01\/Scherm\u00adafbeelding-2024-01-24-om-16.19.16-1.png 1502w\" sizes=\"auto, (max-width: 1024px) 100vw, 1024px\" \/><\/figure>\n\n\n\n<p>Es ist nicht nur einfach, die Arbeit der einzelnen Teammitglieder auf \u201cMeine Seite\u201d zu b\u00fcndeln, sondern auch die Zusammenarbeit mit anderen Partnern ist ohne einen zus\u00e4tzlichen Entwicklungsprozess m\u00f6glich.<\/p>\n\n\n\n<p><strong>Warum Datastorms<\/strong><br>Wir von Datastorms glauben an die Kraft der strukturierten Digitalisierung. Unser Ziel ist es, Ihr Unternehmen dabei zu unterst\u00fctzen, die F\u00fchrung bei der digitalen Transformation zu \u00fcbernehmen. Gemeinsam arbeiten wir an messbaren Ergebnissen und erfolgreichen Projekten.<br><br>Finden Sie heraus, wie Datastorms Ihr Unternehmen und Ihr Projekt unterst\u00fctzen kann. Kontaktieren Sie uns f\u00fcr weitere Informationen oder planen Sie eine Demonstration unserer Vorlage.<\/p>","protected":false},"excerpt":{"rendered":"<p>Een eenvoudige en heldere oplossing voor het samenwerken aan infrastructurele projecten! Wij begrijpen de uitdagingen waarmee ondernemingen geconfronteerd worden bij het zetten van de eerste stappen naar digitalisering. Daarom hebben we een sjabloon ontwikkeld dat specifiek is onderworpen voor het gestructureerd samenwerken aan infrastructurele projecten. De doelgroep voor deze SE template zijn teams die aantoonbaar&hellip;&nbsp;<a href=\"https:\/\/datastorms.eu\/de\/se-sjabloon\/\" rel=\"bookmark\">Weiterlesen \u00bb<span class=\"screen-reader-text\">Vorlage f\u00fcr Systemtechnik<\/span><\/a><\/p>","protected":false},"author":1,"featured_media":473,"parent":0,"menu_order":0,"comment_status":"closed","ping_status":"closed","template":"","meta":{"neve_meta_sidebar":"","neve_meta_container":"","neve_meta_enable_content_width":"","neve_meta_content_width":0,"neve_meta_title_alignment":"","neve_meta_author_avatar":"","neve_post_elements_order":"","neve_meta_disable_header":"","neve_meta_disable_footer":"","neve_meta_disable_title":"","neve_meta_reading_time":"","_themeisle_gutenberg_block_has_review":false,"footnotes":""},"class_list":["post-610","page","type-page","status-publish","has-post-thumbnail","hentry"],"_links":{"self":[{"href":"https:\/\/datastorms.eu\/de\/wp-json\/wp\/v2\/pages\/610","targetHints":{"allow":["GET"]}}],"collection":[{"href":"https:\/\/datastorms.eu\/de\/wp-json\/wp\/v2\/pages"}],"about":[{"href":"https:\/\/datastorms.eu\/de\/wp-json\/wp\/v2\/types\/page"}],"author":[{"embeddable":true,"href":"https:\/\/datastorms.eu\/de\/wp-json\/wp\/v2\/users\/1"}],"replies":[{"embeddable":true,"href":"https:\/\/datastorms.eu\/de\/wp-json\/wp\/v2\/comments?post=610"}],"version-history":[{"count":4,"href":"https:\/\/datastorms.eu\/de\/wp-json\/wp\/v2\/pages\/610\/revisions"}],"predecessor-version":[{"id":621,"href":"https:\/\/datastorms.eu\/de\/wp-json\/wp\/v2\/pages\/610\/revisions\/621"}],"wp:featuredmedia":[{"embeddable":true,"href":"https:\/\/datastorms.eu\/de\/wp-json\/wp\/v2\/media\/473"}],"wp:attachment":[{"href":"https:\/\/datastorms.eu\/de\/wp-json\/wp\/v2\/media?parent=610"}],"curies":[{"name":"wp","href":"https:\/\/api.w.org\/{rel}","templated":true}]}}