{"id":668,"date":"2024-03-05T21:12:32","date_gmt":"2024-03-05T20:12:32","guid":{"rendered":"https:\/\/datastorms.eu\/?page_id=668"},"modified":"2024-03-07T08:41:44","modified_gmt":"2024-03-07T07:41:44","slug":"partners","status":"publish","type":"page","link":"https:\/\/datastorms.eu\/de\/partners\/","title":{"rendered":"PARTNER"},"content":{"rendered":"<p><strong>Datastorms Partner<br><\/strong>Wir arbeiten gerne zusammen, um immer mehr Organisationen bei der Datenverwaltung und Digitalisierung zu unterst\u00fctzen. Innerhalb unseres Partnernetzwerks unterscheiden wir eine Reihe von Partnern. <\/p>\n\n\n\n<div class=\"wp-block-group is-nowrap is-layout-flex wp-container-core-group-is-layout-ad2f72ca wp-block-group-is-layout-flex\">\n<figure class=\"wp-block-image size-large is-resized\"><img loading=\"lazy\" decoding=\"async\" width=\"91\" height=\"1024\" src=\"https:\/\/datastorms.eu\/wp-content\/uploads\/2024\/03\/Side-Pic-Datastorms-small-2-1-91x1024.jpeg\" alt=\"\" class=\"wp-image-682\" style=\"object-fit:contain;width:300px;height:700px\" srcset=\"https:\/\/datastorms.eu\/wp-content\/uploads\/2024\/03\/Side-Pic-Datastorms-small-2-1-91x1024.jpeg 91w, https:\/\/datastorms.eu\/wp-content\/uploads\/2024\/03\/Side-Pic-Datastorms-small-2-1-182x2048.jpeg 182w\" sizes=\"auto, (max-width: 91px) 100vw, 91px\" \/><\/figure>\n\n\n\n<div style=\"height:100px;width:43px\" aria-hidden=\"true\" class=\"wp-block-spacer wp-container-content-5522c953\"><\/div>\n\n\n\n<div class=\"wp-block-group is-vertical is-layout-flex wp-container-core-group-is-layout-8cf370e7 wp-block-group-is-layout-flex\">\n<div class=\"wp-block-group is-vertical is-layout-flex wp-container-core-group-is-layout-8cf370e7 wp-block-group-is-layout-flex\">\n<p><strong>L\u00f6sungspartner<\/strong><\/p>\n\n\n\n<p>Haben Sie eine eigene Idee, die Sie in eine Anwendung umwandeln m\u00f6chten, um sie Ihren Kunden anzubieten und zu verkaufen? Nutzen Sie unsere Funktionen als Bausteine f\u00fcr Ihre L\u00f6sung! Sobald Sie Ihre Idee in eine Datastorms-Anwendung verwandelt haben, k\u00f6nnen Sie sie wiederverwenden oder als Basisversion verkaufen. Eine solche Anwendung wird auch Template genannt. Im Gegensatz zu anderen Partnerprogrammen fallen bei uns keine Kosten f\u00fcr eine Solution-Partnerschaft an. Als Solution Partner entwickeln Sie zusammen mit uns Ihre eigene Vorlage. Wir bieten Ihnen eine super stabile Anwendung zu erschwinglicher Qualit\u00e4t und Service.<\/p>\n\n\n\n<div style=\"height:28px\" aria-hidden=\"true\" class=\"wp-block-spacer wp-container-content-43ce77df\"><\/div>\n\n\n\n<p><strong>Fachkundiger Partner<\/strong><\/p>\n\n\n\n<p>M\u00f6chten Sie selbst\u00e4ndig an Projekten arbeiten, in denen Datastorms eingesetzt wird? Oder hat sich Ihr Arbeitgeber f\u00fcr Datastorms entschieden? Dann besuchen Sie das Datastorms Expert Training und werden Sie zertifizierter Expert Partner.<\/p>\n\n\n\n<div style=\"height:46px\" aria-hidden=\"true\" class=\"wp-block-spacer wp-container-content-b5f14f7b\"><\/div>\n\n\n\n<p><strong>Integrationspartner<\/strong><\/p>\n\n\n\n<p>Sind Sie aktiv in der Verwaltung und Integration von Anwendungen, um das Beste aus API und Workflow-Funktionalit\u00e4t zu machen? Nehmen Sie an der Datastorms Integrationsschulung teil und werden Sie ein zertifizierter Integrationspartner!<\/p>\n\n\n\n<div style=\"height:53px\" aria-hidden=\"true\" class=\"wp-block-spacer wp-container-content-391e2353\"><\/div>\n\n\n\n<p><strong><strong>Umsetzung<\/strong> Partner<\/strong><\/p>\n\n\n\n<p>M\u00f6chten Sie Ihrem Unternehmen helfen, datastorms bei Ihren Kunden einzuf\u00fchren?  Werden Sie ein Implementierungspartner! Wir organisieren spezielle Schulungen in Ihrem Unternehmen, um (einen Teil) Ihres Unternehmens in die Funktionsweise von Datastorms einzuf\u00fchren. Die Mitarbeiter, die erfolgreich daran teilnehmen, k\u00f6nnen im Namen Ihrer Organisation arbeiten.<\/p>\n<\/div>\n<\/div>\n<\/div>\n\n\n\n<div style=\"height:30px\" aria-hidden=\"true\" class=\"wp-block-spacer\"><\/div>\n\n\n\n<p><strong>Erschwingliche Qualit\u00e4t und Service<\/strong><br>Datastorms ist in der Regel viel billiger als die Konkurrenz. Das liegt daran, dass die Software-Grundlagen bereits vorhanden sind. Alles, was Sie tun m\u00fcssen, ist Ihre Ideen mit unserem <strong>Bausteine von Datastorms<\/strong>. Hilfe ist immer in der N\u00e4he. Sie k\u00f6nnen sich auf schnelle Reaktionszeiten verlassen - etwas, das bei anderen Entwicklern selten ist.<\/p>\n\n\n\n<p><strong>Geb\u00fchren f\u00fcr Datastorms &amp; Datastorms Affiliates<\/strong><br>Was kostet Datastorms? Oder: was kostet das Datastorms Affiliates Programm? Diese Frage wird uns oft gestellt. Und die Antwort macht unsere Kunden ganz gl\u00fccklich: Nicht mehr als die <a href=\"https:\/\/datastorms.eu\/de\/prijzen\/\" title=\"Preise\">Lizenzgeb\u00fchren<\/a>.<\/p>\n\n\n\n<p><strong>Beginnen Sie heute!<\/strong><br>M\u00f6chten Sie sofort mit der Entwicklung Ihrer eigenen Softwarel\u00f6sungen beginnen? Mit Datastorms k\u00f6nnen Sie dies schnell und effizient tun.<\/p>\n\n\n\n<p><strong>Zus\u00e4tzliche erweiterte Unterst\u00fctzungsdienste<\/strong><br>Neben der Software-Entwicklung bieten wir auch:<\/p>\n\n\n\n<ul class=\"wp-block-list\">\n<li><strong>Unterst\u00fctzung f\u00fcr den elektronischen Handel:<\/strong> Wir erstellen Inhalte f\u00fcr LinkedIn-Posts und Mailings auf der Grundlage von Funktionen und Anwendungsf\u00e4llen.<\/li>\n\n\n\n<li><strong>Nutzungsanalyse:<\/strong> Wir analysieren, wie die von Ihnen verkauften L\u00f6sungen genutzt werden, damit Sie wertvolle Gespr\u00e4che mit Ihren Kunden f\u00fchren k\u00f6nnen.<\/li>\n\n\n\n<li><strong>Projektmitarbeiter:<\/strong> F\u00fcr die Massenverarbeitung haben wir die richtigen Leute parat.<\/li>\n\n\n\n<li><strong>Fachleute:<\/strong> Zu unserem Team geh\u00f6ren Experten f\u00fcr die Erstellung fortgeschrittener Berichte und API-Links f\u00fcr die Integration mit anderen Paketen.<\/li>\n<\/ul>\n\n\n\n<p><strong>Von der Idee zum Erfolg mit Datastorms<\/strong><br>Verwandeln Sie Ihre Ideen mit Datastorms in Gold. Wir arbeiten in monatlichen Sprints, so dass die Innovation kontinuierlich ist.<\/p>\n\n\n\n<p><strong>Finden Sie heraus, was Datastorms f\u00fcr Ihr Unternehmen tun kann. Nehmen Sie <a href=\"https:\/\/datastorms.eu\/de\/contact\/\" target=\"_blank\" rel=\"noopener\" title=\"\">Kontakt<\/a> und machen Sie noch heute den ersten Schritt zu einer Software, die wirklich funktioniert!<\/strong><\/p>","protected":false},"excerpt":{"rendered":"<p>Datastorms PartnerWir arbeiten gerne zusammen, um mehr und mehr Organisationen bei der Datenverwaltung und Digitalisierung zu unterst\u00fctzen. Innerhalb unseres Partnernetzes unterscheiden wir eine Reihe von Partnern. Solution Partner Haben Sie eine eigene Idee, die Sie in eine Anwendung umwandeln m\u00f6chten, um sie Ihren Kunden anzubieten und zu verkaufen? Nutzen Sie unsere Funktionen als Bausteine f\u00fcr...&nbsp;<a href=\"https:\/\/datastorms.eu\/de\/partners\/\" rel=\"bookmark\">Weiterlesen \u00bb<span class=\"screen-reader-text\">PARTNER<\/span><\/a><\/p>","protected":false},"author":1,"featured_media":671,"parent":0,"menu_order":0,"comment_status":"closed","ping_status":"closed","template":"","meta":{"neve_meta_sidebar":"","neve_meta_container":"","neve_meta_enable_content_width":"","neve_meta_content_width":0,"neve_meta_title_alignment":"","neve_meta_author_avatar":"","neve_post_elements_order":"","neve_meta_disable_header":"","neve_meta_disable_footer":"","neve_meta_disable_title":"","neve_meta_reading_time":"","_themeisle_gutenberg_block_has_review":false,"footnotes":""},"class_list":["post-668","page","type-page","status-publish","has-post-thumbnail","hentry"],"_links":{"self":[{"href":"https:\/\/datastorms.eu\/de\/wp-json\/wp\/v2\/pages\/668","targetHints":{"allow":["GET"]}}],"collection":[{"href":"https:\/\/datastorms.eu\/de\/wp-json\/wp\/v2\/pages"}],"about":[{"href":"https:\/\/datastorms.eu\/de\/wp-json\/wp\/v2\/types\/page"}],"author":[{"embeddable":true,"href":"https:\/\/datastorms.eu\/de\/wp-json\/wp\/v2\/users\/1"}],"replies":[{"embeddable":true,"href":"https:\/\/datastorms.eu\/de\/wp-json\/wp\/v2\/comments?post=668"}],"version-history":[{"count":33,"href":"https:\/\/datastorms.eu\/de\/wp-json\/wp\/v2\/pages\/668\/revisions"}],"predecessor-version":[{"id":753,"href":"https:\/\/datastorms.eu\/de\/wp-json\/wp\/v2\/pages\/668\/revisions\/753"}],"wp:featuredmedia":[{"embeddable":true,"href":"https:\/\/datastorms.eu\/de\/wp-json\/wp\/v2\/media\/671"}],"wp:attachment":[{"href":"https:\/\/datastorms.eu\/de\/wp-json\/wp\/v2\/media?parent=668"}],"curies":[{"name":"wp","href":"https:\/\/api.w.org\/{rel}","templated":true}]}}