{"id":777,"date":"2024-06-07T23:20:33","date_gmt":"2024-06-07T21:20:33","guid":{"rendered":"https:\/\/datastorms.eu\/?page_id=777"},"modified":"2024-07-03T16:35:35","modified_gmt":"2024-07-03T14:35:35","slug":"object-type-library-otl","status":"publish","type":"page","link":"https:\/\/datastorms.eu\/de\/object-type-library-otl\/","title":{"rendered":"Objekttyp-Bibliothek (OTL)"},"content":{"rendered":"<p>Die Entwicklung von Bibliotheken ist auf dem Vormarsch. In der Theorie der komplexen Systemtechnik wird der Begriff ObjectType Library (OTL) verwendet. Eine ObjectType Library (OTL) ist eine strukturierte Sammlung von Objekttypen, die innerhalb einer bestimmten Dom\u00e4ne oder Anwendung verwendet werden. Jeder Objekttyp innerhalb der Bibliothek definiert die Eigenschaften, Beziehungen und das Verhalten eines bestimmten Objekttyps in einer standardisierten Form. Eine weitere Erweiterung dieser grundlegenden Definition ist das Hinzuf\u00fcgen von Anforderungen und \u00dcberpr\u00fcfungen zu jedem Objekt. Diese Bibliotheken werden h\u00e4ufig verwendet, um Konsistenz zu schaffen und die Zusammenarbeit zu f\u00f6rdern.<\/p>\n\n\n\n<p>F\u00fcr die ordnungsgem\u00e4\u00dfe Verwaltung und Einf\u00fchrung einer OTL ist eine solide Organisation erforderlich. Der Einsatz von Werkzeugen ist einer der entscheidenden Aspekte f\u00fcr den Erfolg. Das Tooling sorgt daf\u00fcr, dass das Ganze \u00fcberschaubar wird und bleibt. Neben technischen und inhaltlichen Kenntnissen \u00fcber die Struktur der OTL ist es wichtig, Rollen und Verantwortlichkeiten klar zu definieren. Das Tooling spielt eine wichtige Rolle, um all dies handhabbar zu machen und den Prozess zu erleichtern. In unserer Datastorms-Anwendung haben wir zu diesem Zweck Bausteine entwickelt.<\/p>\n\n\n<div class=\"wp-block-image\">\n<figure class=\"aligncenter size-large\"><img loading=\"lazy\" decoding=\"async\" width=\"1024\" height=\"743\" src=\"https:\/\/datastorms.eu\/wp-content\/uploads\/2024\/06\/Asset-6-2-1024x743.png\" alt=\"\" class=\"wp-image-779\" srcset=\"https:\/\/datastorms.eu\/wp-content\/uploads\/2024\/06\/Asset-6-2-1024x743.png 1024w, https:\/\/datastorms.eu\/wp-content\/uploads\/2024\/06\/Asset-6-2-300x218.png 300w, https:\/\/datastorms.eu\/wp-content\/uploads\/2024\/06\/Asset-6-2-768x558.png 768w, https:\/\/datastorms.eu\/wp-content\/uploads\/2024\/06\/Asset-6-2-1536x1115.png 1536w, https:\/\/datastorms.eu\/wp-content\/uploads\/2024\/06\/Asset-6-2.png 1818w\" sizes=\"auto, (max-width: 1024px) 100vw, 1024px\" \/><figcaption class=\"wp-element-caption\"><em>Eine Darstellung einer m\u00f6glichen Konstruktion von Systemen rund um die Entwicklung und Nutzung von OTL<\/em><\/figcaption><\/figure>\n<\/div>\n\n\n<p class=\"has-text-align-center\"><strong>Datastorms ist die einzige High-End semantische Graph-Plattform, die diesen Aufbau integriert und modellbasiert anbietet.<\/strong><\/p>\n\n\n\n<p>Wie helfen unsere Datastorms-Bausteine beim strukturellen \u00dcbergang von einer objektorientierten OTL (ohne Anforderungen) zu einer objekt- und anforderungsorientierten OTL? <br><br><strong>OTL<\/strong><br>Wir treffen auf Situationen, in denen die OTL bereits in einer Anwendung wie TopTeam oder Laces enthalten ist. Wie kann man dann den n\u00e4chsten Schritt zu einer Anforderungsbibliothek oder direkt zu einem Projekt machen? Mit dem fortgeschrittenen Datastorms-API-Baustein oder dem RDF\/Turtle-Konverter von Datastorms kann dies leicht erreicht werden. Nach diesem ersten Schritt k\u00f6nnen Sie w\u00e4hlen, ob Sie diese praktischen Daten, deren komplexe Struktur bestehen bleibt, in eine andere Anwendung exportieren (2) oder sie als Input f\u00fcr den n\u00e4chsten Schritt verwenden: die Bibliothek oder das Projekt (1).<\/p>\n\n\n<div class=\"wp-block-image\">\n<figure class=\"aligncenter size-full\"><img loading=\"lazy\" decoding=\"async\" width=\"425\" height=\"544\" src=\"https:\/\/datastorms.eu\/wp-content\/uploads\/2024\/06\/image-16.png\" alt=\"\" class=\"wp-image-782\" srcset=\"https:\/\/datastorms.eu\/wp-content\/uploads\/2024\/06\/image-16.png 425w, https:\/\/datastorms.eu\/wp-content\/uploads\/2024\/06\/image-16-234x300.png 234w\" sizes=\"auto, (max-width: 425px) 100vw, 425px\" \/><figcaption class=\"wp-element-caption\">Datastorms Converter macht Daten praktisch<\/figcaption><\/figure>\n<\/div>\n\n\n<p><strong>Bibliothek<\/strong><br>Die <strong>Anschluss<\/strong>-Baustein erm\u00f6glicht es der Bibliothek, in Echtzeit mit einem oder mehreren Projekten zu kommunizieren. Welche Daten den Projekten in Echtzeit angeboten oder in sie eingespeist werden, ist konfigurierbar.<\/p>\n\n\n\n<p>Die <strong>Arbeitsablauf<\/strong>-Funktion automatisiert Arbeitsprozesse, die von der automatischen \u00c4nderung von Status bis zum Versand von E-Mails mit der Bitte um Pr\u00fcfung eines \u00c4nderungsvorschlags reichen. <\/p>\n\n\n\n<p>Die Analyse verschiedener Baselines und die Bewertung der Auswirkungen von \u00c4nderungen auf laufende Projekte sind sowohl in der Bibliothek als auch in den Projekten sichtbar. Unser <strong>Bericht<\/strong>- und <strong>Dashboard<\/strong>-Bausteine sind in dieser Hinsicht \u00e4u\u00dferst funktionell.<\/p>\n\n\n\n<p>In dieser Bibliothek k\u00f6nnen auch Erg\u00e4nzungen zur OTL vorgenommen werden. Erw\u00e4gen Sie, speziell Objekte und Anforderungen hinzuzuf\u00fcgen, die f\u00fcr den Kontext Ihrer eigenen Organisation relevant sind.<\/p>\n\n\n\n<p><strong>Projekt<\/strong><br>Sobald die Grundlage f\u00fcr die Daten und die OTL-Definition oder eine vollst\u00e4ndige Bibliothek vorhanden ist, k\u00f6nnen die Fr\u00fcchte des zus\u00e4tzlichen Aufwands in einem oder mehreren Projekten geerntet werden (wie dies h\u00e4ufig der Fall ist). Die Projekte m\u00fcssen nur einmal erstellt werden und k\u00f6nnen dann als Vorlage f\u00fcr alle Projekte, die mit dieser Vorlage verkn\u00fcpft sind, aktualisiert werden.<\/p>\n\n\n\n<p>Welche Vorteile bietet also die Zusammenarbeit mit einer Bibliothek? Wir nennen einige Beispiele aus der Praxis:<br>1. Ein Projekt kann aufgrund des Wissens, das aus der Bibliothek \u00fcbernommen werden kann, schnell beginnen. Da dieses Wissen bereits in vollem Umfang korrekt ist, kann das Projekt z\u00fcgig beginnen. Dies erfordert weniger Kapazit\u00e4ten des beteiligten technischen Leiters, um herauszufinden, welche Daten ihm derzeit zur Verf\u00fcgung stehen.<br>2. Auf der Grundlage der OTL kann sich das Projekt eigenst\u00e4ndig weiterentwickeln und projektspezifische Anforderungen hinzuf\u00fcgen.<br>3. Da das Projekt von derselben Struktur ausgeht wie die Bibliothek, d. h. die OTL, ist die Grundlage f\u00fcr die Lernende Organisation bereits vorhanden. \u00c4nderungen in der Bibliothek, \u00c4nderungen im Projekt, sie sind sofort sichtbar. Dar\u00fcber hinaus k\u00f6nnen Verbesserungen aus den Projekten \u00fcber diese Struktur an die Bibliothek zur\u00fcckgegeben werden.<br>4. Die Vertragsgestaltung gegen\u00fcber Auftragnehmern ist projekt\u00fcbergreifend einheitlich, da alle dieselbe OTL als Grundlage verwenden. Dies f\u00fchrt zu besser vorhersehbaren Vertr\u00e4gen, was weniger R\u00fcckfragen und mehr wettbewerbsf\u00e4hige Angebote zur Folge hat.<br>5. Der Datenaustausch mit den Auftragnehmern ist einfacher zu koordinieren: Jedes Projekt arbeitet auf die gleiche Weise und mit der gleichen Struktur.<br>6. Innovationen lassen sich leichter integrieren, da aufgrund der klaren Struktur schneller gepr\u00fcft werden kann, ob sie in den in der OTL festgelegten Rahmen passen. Sobald die Innovation einen Platz in der Bibliothek hat, ist sie sofort f\u00fcr alle Projekte verf\u00fcgbar.<br>7. Wenn die Anforderungen auch mit den Eigenschaften der Objekttypen verkn\u00fcpft werden, dann kann man auch tats\u00e4chlich mit der Automatisierung beginnen. Die Daten sind dann nicht nur f\u00fcr Menschen lesbar, sondern k\u00f6nnen auch von Computern verstanden werden. Das bedeutet, dass die wertvolle Zeit der Techniker den kreativen Herausforderungen gewidmet werden kann und die zeitaufw\u00e4ndigen Aufgaben von Computern erledigt werden k\u00f6nnen.<br><br>Nat\u00fcrlich kann diese Liste noch erweitert werden. Standardm\u00e4\u00dfig kann der GIS-Baustein verwendet werden. Er kann auch mit Dokumentenmanagementsystemen (Sharepoint) verkn\u00fcpft werden, um z. B. Nachweise mit Dokumenten zu verkn\u00fcpfen.<br><br>Sobald eine Basisbibliothek mit OTL vorhanden ist, k\u00f6nnen auch Verbindungen zu anderen Bibliotheken (Umwelt, Risiko und Lizenzierung) in Betracht gezogen werden. <br>Die wichtigsten Infra Systems Engineering-Prozesse wurden bereits in der Standardvorlage ausgearbeitet, die von Datastorms auf der Grundlage von \u00fcber 20 Jahren Erfahrung mit diesen Prozessen entwickelt wurde. Siehe unser Projekt <a href=\"https:\/\/datastorms.eu\/de\/se-sjabloon\/\" title=\"\">Infra SE-Vorlage.<\/a><br><br>Sind Sie daran interessiert, die oben genannte Innovation auch in Ihrer Organisation einzuf\u00fchren? Kontaktieren Sie <a href=\"https:\/\/datastorms.eu\/de\/contact\/\" title=\"Kontakt\">Kontakt<\/a> mit unseren Experten, um die M\u00f6glichkeiten zu besprechen.<\/p>\n\n\n\n<figure class=\"wp-block-embed is-type-video is-provider-youtube wp-block-embed-youtube wp-embed-aspect-16-9 wp-has-aspect-ratio\"><div class=\"wp-block-embed__wrapper\">\n<div class=\"nv-iframe-embed\"><iframe loading=\"lazy\" title=\"Datastorms | OTL (ObjectTypeLibrary) Konverter (f\u00fcr Turtle-Dateien)\" width=\"1200\" height=\"675\" src=\"https:\/\/www.youtube.com\/embed\/pZvqJpmSr6o?feature=oembed\" frameborder=\"0\" allow=\"accelerometer; autoplay; clipboard-write; encrypted-media; gyroscope; picture-in-picture; web-share\" referrerpolicy=\"strict-origin-when-cross-origin\" allowfullscreen><\/iframe><\/div>\n<\/div><\/figure>","protected":false},"excerpt":{"rendered":"<p>De ontwikkeling van bibliotheken is in opmars. In de theorie van complexe systeemengineering wordt de term ObjectType Library (OTL) gebruikt. Een ObjectType Library (OTL) is een gestructureerde verzameling van objecttypen die binnen een bepaald domein of toepassing worden gebruikt. Elk objecttype binnen de bibliotheek definieert de eigenschappen, relaties en het gedrag van een bepaald type&hellip;&nbsp;<a href=\"https:\/\/datastorms.eu\/de\/object-type-library-otl\/\" rel=\"bookmark\">Weiterlesen \u00bb<span class=\"screen-reader-text\">Objekttyp-Bibliothek (OTL)<\/span><\/a><\/p>","protected":false},"author":1,"featured_media":0,"parent":0,"menu_order":0,"comment_status":"closed","ping_status":"closed","template":"","meta":{"neve_meta_sidebar":"","neve_meta_container":"","neve_meta_enable_content_width":"","neve_meta_content_width":0,"neve_meta_title_alignment":"","neve_meta_author_avatar":"","neve_post_elements_order":"","neve_meta_disable_header":"","neve_meta_disable_footer":"","neve_meta_disable_title":"","neve_meta_reading_time":"","_themeisle_gutenberg_block_has_review":false,"footnotes":""},"class_list":["post-777","page","type-page","status-publish","hentry"],"_links":{"self":[{"href":"https:\/\/datastorms.eu\/de\/wp-json\/wp\/v2\/pages\/777","targetHints":{"allow":["GET"]}}],"collection":[{"href":"https:\/\/datastorms.eu\/de\/wp-json\/wp\/v2\/pages"}],"about":[{"href":"https:\/\/datastorms.eu\/de\/wp-json\/wp\/v2\/types\/page"}],"author":[{"embeddable":true,"href":"https:\/\/datastorms.eu\/de\/wp-json\/wp\/v2\/users\/1"}],"replies":[{"embeddable":true,"href":"https:\/\/datastorms.eu\/de\/wp-json\/wp\/v2\/comments?post=777"}],"version-history":[{"count":9,"href":"https:\/\/datastorms.eu\/de\/wp-json\/wp\/v2\/pages\/777\/revisions"}],"predecessor-version":[{"id":830,"href":"https:\/\/datastorms.eu\/de\/wp-json\/wp\/v2\/pages\/777\/revisions\/830"}],"wp:attachment":[{"href":"https:\/\/datastorms.eu\/de\/wp-json\/wp\/v2\/media?parent=777"}],"curies":[{"name":"wp","href":"https:\/\/api.w.org\/{rel}","templated":true}]}}