{"id":898,"date":"2024-09-03T11:59:17","date_gmt":"2024-09-03T09:59:17","guid":{"rendered":"https:\/\/datastorms.eu\/?page_id=898"},"modified":"2024-09-03T12:48:40","modified_gmt":"2024-09-03T10:48:40","slug":"kennismanagement","status":"publish","type":"page","link":"https:\/\/datastorms.eu\/de\/kennismanagement\/","title":{"rendered":"Wissensmanagement"},"content":{"rendered":"<p class=\"has-custom-2-color has-text-color has-link-color wp-elements-c06314215c33d5a0609a1fdd8f445687\"><em>In jeder Organisation ist Wissen eines der wertvollsten G\u00fcter. Es erm\u00f6glicht es Organisationen, wettbewerbsf\u00e4hig zu bleiben, effizienter zu arbeiten und letztlich erfolgreicher zu sein. Wissensmanagement, die Verwaltung und Nutzung von Wissen, bietet zahlreiche Vorteile, die direkt zum Erfolg Ihrer Projekte und Ihres Unternehmens beitragen.<\/em><\/p>\n\n\n\n<hr class=\"wp-block-separator has-text-color has-custom-1-color has-alpha-channel-opacity has-custom-1-background-color has-background\"\/>\n\n\n\n<h4 class=\"wp-block-heading has-custom-2-color has-text-color has-link-color wp-elements-6aa59f9adb560c5d1a1893ddf31da988\">Niedrig h\u00e4ngende Fr\u00fcchte: weniger Fehler, weniger Fehlerkosten (bis zu 30%!!)<\/h4>\n\n\n\n<p>Aus Fehlern zu lernen ist nicht nur wichtig, es ist auch eine gro\u00dfe Chance, Kosten zu sparen. Durch systematisches Erkennen von Fehlern und sofortiges Ergreifen von Ma\u00dfnahmen k\u00f6nnen Sie die Fehlerkosten um bis zu 30% senken. Durch den Einsatz von Datastorms als Informationsmanagement-L\u00f6sung k\u00f6nnen Sie Risiken und die dazugeh\u00f6rigen Ma\u00dfnahmen zentral erfassen und durch unsere Integrationsfunktion k\u00f6nnen Sie dieses wertvolle Wissen einfach in Projekte einbringen. So k\u00f6nnen Sie verhindern, dass die gleichen Fehler noch einmal gemacht werden und sparen bereits jetzt Kosten ein!<\/p>\n\n\n\n<h4 class=\"wp-block-heading has-custom-2-color has-text-color has-link-color wp-elements-1a3c619f3ddc575c7301250cd254785f\">Der Austausch von Wissen vervielf\u00e4ltigt sich<\/h4>\n\n\n\n<p>Die gemeinsame Nutzung von Wissen ist ein wirksames Mittel, um die Produktivit\u00e4t und Qualit\u00e4t Ihrer Projekte zu steigern. Die Verringerung von sich wiederholenden Arbeiten und die Erzielung schnellerer Ergebnisse beginnt mit der Nutzung bereits erworbenen Wissens. Die Nutzung vorhandener Anforderungsbibliotheken oder Produktspezifikationen erm\u00f6glicht nicht nur einen effizienteren Projektstart, sondern erh\u00f6ht auch die Konsistenz und Qualit\u00e4t. Die Wiederverwendung bereits geleisteter Arbeit spart wertvolle Zeit und sorgt daf\u00fcr, dass jedes neue Projekt auf einer soliden Grundlage beginnt.<\/p>\n\n\n\n<h4 class=\"wp-block-heading has-custom-2-color has-text-color has-link-color wp-elements-3f6084b84cdc033aece7a27bbb76e0c0\">Gemeinsam kommen Sie schneller weiter!<\/h4>\n\n\n\n<p>Datastorms erleichtert die gemeinsame Basis, auf der eine erfolgreiche Zusammenarbeit aufgebaut werden kann. Wenn Teams auf der gleichen Wissensbasis arbeiten, wie z. B. der Basic Dike Specification, k\u00f6nnen bew\u00e4hrte Verfahren leicht ausgetauscht und umgesetzt werden. Dadurch werden nicht nur die Standards gest\u00e4rkt, sondern auch die Anlaufphase verk\u00fcrzt, die Erfolgsquote erh\u00f6ht und die Kosten der Projekte gesenkt.<\/p>\n\n\n\n<hr class=\"wp-block-separator has-text-color has-custom-1-color has-alpha-channel-opacity has-custom-1-background-color has-background\"\/>\n\n\n\n<h3 class=\"wp-block-heading has-custom-2-color has-text-color has-link-color wp-elements-8388a73722d98e5c8a2c885c564f75af\">Warum Datastorms als der Partner der Wahl f\u00fcr Wissensmanagement?<\/h3>\n\n\n\n<p>Wir bei Datastorms wissen, wie wichtig ein effektives Wissensmanagement ist. Mit unserer umfangreichen Erfahrung in verschiedenen Sektoren haben wir eine Anwendung entwickelt, die perfekt auf die Bed\u00fcrfnisse unserer Kunden zugeschnitten ist. Unsere L\u00f6sung ist jedoch nicht auf einen bestimmten Wissensbereich beschr\u00e4nkt. Dank des Feedbacks unserer Partner und Kunden bleibt unsere Anwendung breit anwendbar und wir entwickeln sie st\u00e4ndig auf der Grundlage der neuesten Erkenntnisse weiter.<\/p>\n\n\n\n<p>Datastorms geht \u00fcber die Erleichterung des Wissensaustauschs hinaus. Wir sehen auch, dass ein Informationsmanagementsystem eine Position in einer Informationslandschaft einnimmt, wo mehrere Anwendungen zusammen die optimale Suite f\u00fcr die Organisation bilden. Datastorms ist ein Experte, wenn es um den Aufbau von Schnittstellen mit anderen Anwendungen geht. In dieser Hinsicht hat er auch ein Auge f\u00fcr Prozesse. Eine weitere Facette ist auch der Austausch in verschiedenen Formaten und Strukturen. Wir unterst\u00fctzen eine breite Palette von Wissensformaten, so dass Ihre Informationen immer zug\u00e4nglich und nutzbar sind, unabh\u00e4ngig davon, wie sie erfasst sind. <\/p>\n\n\n\n<p>Was Datastorms wirklich besonders macht, ist unser offener und kooperativer Ansatz. Indem wir auf die Bed\u00fcrfnisse unserer Kunden h\u00f6ren und gemeinsam von den Erfahrungen der anderen lernen, entwickeln wir uns weiter und stellen sicher, dass unsere Anwendung weiterhin den sich \u00e4ndernden Anforderungen der verschiedenen Sektoren entspricht. Auf diese Weise helfen wir Ihrer Organisation nicht nur, Wissen zu verwalten, sondern auch das Beste daraus zu machen.<\/p>\n\n\n\n<p>Kontaktieren Sie uns f\u00fcr eine unverbindliche Einf\u00fchrung und Demonstration von Datastorms! Alle M\u00f6glichkeiten, einen unserer Spezialisten f\u00fcr Wissensmanagement und Datastorm-Entwicklung zu kontaktieren, finden Sie unter <a href=\"https:\/\/datastorms.eu\/de\/contact\/\" title=\"\">hier<\/a>.<\/p>","protected":false},"excerpt":{"rendered":"<p>In jeder Organisation ist Wissen eines der wertvollsten G\u00fcter. Es erm\u00f6glicht es Organisationen, wettbewerbsf\u00e4hig zu bleiben, effizienter zu arbeiten und letztlich erfolgreicher zu sein. Wissensmanagement, die Verwaltung und Nutzung von Wissen, bietet zahlreiche Vorteile, die direkt zum Erfolg Ihrer Projekte und Ihres Unternehmens beitragen. Niedrig h\u00e4ngende Fr\u00fcchte: weniger Fehler,...&nbsp;<a href=\"https:\/\/datastorms.eu\/de\/kennismanagement\/\" rel=\"bookmark\">Weiterlesen \u00bb<span class=\"screen-reader-text\">Wissensmanagement<\/span><\/a><\/p>","protected":false},"author":1,"featured_media":903,"parent":0,"menu_order":0,"comment_status":"closed","ping_status":"closed","template":"","meta":{"neve_meta_sidebar":"","neve_meta_container":"","neve_meta_enable_content_width":"","neve_meta_content_width":0,"neve_meta_title_alignment":"","neve_meta_author_avatar":"","neve_post_elements_order":"","neve_meta_disable_header":"","neve_meta_disable_footer":"","neve_meta_disable_title":"","neve_meta_reading_time":"","_themeisle_gutenberg_block_has_review":false,"footnotes":""},"class_list":["post-898","page","type-page","status-publish","has-post-thumbnail","hentry"],"_links":{"self":[{"href":"https:\/\/datastorms.eu\/de\/wp-json\/wp\/v2\/pages\/898","targetHints":{"allow":["GET"]}}],"collection":[{"href":"https:\/\/datastorms.eu\/de\/wp-json\/wp\/v2\/pages"}],"about":[{"href":"https:\/\/datastorms.eu\/de\/wp-json\/wp\/v2\/types\/page"}],"author":[{"embeddable":true,"href":"https:\/\/datastorms.eu\/de\/wp-json\/wp\/v2\/users\/1"}],"replies":[{"embeddable":true,"href":"https:\/\/datastorms.eu\/de\/wp-json\/wp\/v2\/comments?post=898"}],"version-history":[{"count":11,"href":"https:\/\/datastorms.eu\/de\/wp-json\/wp\/v2\/pages\/898\/revisions"}],"predecessor-version":[{"id":920,"href":"https:\/\/datastorms.eu\/de\/wp-json\/wp\/v2\/pages\/898\/revisions\/920"}],"wp:featuredmedia":[{"embeddable":true,"href":"https:\/\/datastorms.eu\/de\/wp-json\/wp\/v2\/media\/903"}],"wp:attachment":[{"href":"https:\/\/datastorms.eu\/de\/wp-json\/wp\/v2\/media?parent=898"}],"curies":[{"name":"wp","href":"https:\/\/api.w.org\/{rel}","templated":true}]}}